{"id":1056,"date":"2025-08-11T00:17:55","date_gmt":"2025-08-10T22:17:55","guid":{"rendered":"https:\/\/loretta.sq2.pl\/?page_id=1056"},"modified":"2025-08-11T00:17:55","modified_gmt":"2025-08-10T22:17:55","slug":"rosa-404","status":"publish","type":"page","link":"https:\/\/suknie-loretta.pl\/?page_id=1056","title":{"rendered":"Rosa 404"},"content":{"rendered":"\n<div class=\"wp-block-columns is-layout-flex wp-container-core-columns-is-layout-28f84493 wp-block-columns-is-layout-flex\">\n<div class=\"wp-block-column is-layout-flow wp-block-column-is-layout-flow\">\n<figure data-wp-context=\"{&quot;imageId&quot;:&quot;69e232be863f7&quot;}\" data-wp-interactive=\"core\/image\" data-wp-key=\"69e232be863f7\" class=\"wp-block-image size-large wp-lightbox-container\"><img fetchpriority=\"high\" decoding=\"async\" width=\"704\" height=\"1024\" data-wp-class--hide=\"state.isContentHidden\" data-wp-class--show=\"state.isContentVisible\" data-wp-init=\"callbacks.setButtonStyles\" data-wp-on--click=\"actions.showLightbox\" data-wp-on--load=\"callbacks.setButtonStyles\" data-wp-on-window--resize=\"callbacks.setButtonStyles\" src=\"https:\/\/loretta.sq2.pl\/wp-content\/uploads\/2025\/08\/404-1-704x1024.jpg\" alt=\"\" class=\"wp-image-1057\" srcset=\"https:\/\/suknie-loretta.pl\/wp-content\/uploads\/2025\/08\/404-1-704x1024.jpg 704w, https:\/\/suknie-loretta.pl\/wp-content\/uploads\/2025\/08\/404-1-206x300.jpg 206w, https:\/\/suknie-loretta.pl\/wp-content\/uploads\/2025\/08\/404-1-768x1117.jpg 768w, https:\/\/suknie-loretta.pl\/wp-content\/uploads\/2025\/08\/404-1-1056x1536.jpg 1056w, https:\/\/suknie-loretta.pl\/wp-content\/uploads\/2025\/08\/404-1.jpg 1100w\" sizes=\"(max-width: 704px) 100vw, 704px\" \/><button\n\t\t\tclass=\"lightbox-trigger\"\n\t\t\ttype=\"button\"\n\t\t\taria-haspopup=\"dialog\"\n\t\t\taria-label=\"Powi\u0119ksz\"\n\t\t\tdata-wp-init=\"callbacks.initTriggerButton\"\n\t\t\tdata-wp-on--click=\"actions.showLightbox\"\n\t\t\tdata-wp-style--right=\"state.imageButtonRight\"\n\t\t\tdata-wp-style--top=\"state.imageButtonTop\"\n\t\t>\n\t\t\t<svg xmlns=\"http:\/\/www.w3.org\/2000\/svg\" width=\"12\" height=\"12\" fill=\"none\" viewBox=\"0 0 12 12\">\n\t\t\t\t<path fill=\"#fff\" d=\"M2 0a2 2 0 0 0-2 2v2h1.5V2a.5.5 0 0 1 .5-.5h2V0H2Zm2 10.5H2a.5.5 0 0 1-.5-.5V8H0v2a2 2 0 0 0 2 2h2v-1.5ZM8 12v-1.5h2a.5.5 0 0 0 .5-.5V8H12v2a2 2 0 0 1-2 2H8Zm2-12a2 2 0 0 1 2 2v2h-1.5V2a.5.5 0 0 0-.5-.5H8V0h2Z\" \/>\n\t\t\t<\/svg>\n\t\t<\/button><\/figure>\n<\/div>\n\n\n\n<div class=\"wp-block-column is-layout-flow wp-block-column-is-layout-flow\" style=\"padding-right:40px;padding-left:40px\">\n<h2 class=\"wp-block-heading\">Kolekcja Rosa &#8211; model 404<\/h2>\n\n\n\n<p>Kolekcja \u201eRosa\u201d to wsp\u00f3\u0142czesna interpretacja marze\u0144 o \u015blubie rodem z ba\u015bni. <\/p>\n\n\n\n<p>Suknie w fasonie \u201ePrincessa\u201d zachwycaj\u0105 roz\u0142o\u017cystymi sp\u00f3dnicami, lekkimi jak mg\u0142a tiulami i perfekcyjnie dopracowanymi gorsetami, kt\u00f3re podkre\u015blaj\u0105 sylwetk\u0119 z subteln\u0105 elegancj\u0105. <\/p>\n\n\n\n<p>To propozycja dla kobiet, kt\u00f3re pragn\u0105 po\u0142\u0105czy\u0107 klasyczn\u0105 form\u0119 z nowoczesnym wyrazem stylu.<\/p>\n\n\n\n<p><br>Ka\u017cdy model z kolekcji \u201eRosa\u201d to efekt po\u0142\u0105czenia innowacyjnych materia\u0142\u00f3w, precyzyjnego krawiectwa i artystycznej wizji. <\/p>\n\n\n\n<p>Delikatne hafty, geometryczne koronki i zaskakuj\u0105ce detale sprawiaj\u0105, \u017ce suknie te s\u0105 nie tylko pi\u0119kne, ale te\u017c wyj\u0105tkowe \u2014 stworzone z my\u015bl\u0105 o Pannach M\u0142odych, kt\u00f3re chc\u0105 wyrazi\u0107 siebie w dniu \u015blubu.<\/p>\n<\/div>\n<\/div>\n\n\n\n<figure class=\"wp-block-gallery has-nested-images columns-default is-cropped wp-block-gallery-1 is-layout-flex wp-block-gallery-is-layout-flex\">\n<figure data-wp-context=\"{&quot;imageId&quot;:&quot;69e232be875d8&quot;}\" data-wp-interactive=\"core\/image\" data-wp-key=\"69e232be875d8\" class=\"wp-block-image size-large wp-lightbox-container\"><img decoding=\"async\" width=\"704\" height=\"1024\" data-wp-class--hide=\"state.isContentHidden\" data-wp-class--show=\"state.isContentVisible\" data-wp-init=\"callbacks.setButtonStyles\" data-wp-on--click=\"actions.showLightbox\" data-wp-on--load=\"callbacks.setButtonStyles\" data-wp-on-window--resize=\"callbacks.setButtonStyles\" data-id=\"1059\" src=\"https:\/\/loretta.sq2.pl\/wp-content\/uploads\/2025\/08\/404-2-704x1024.jpg\" alt=\"\" class=\"wp-image-1059\" srcset=\"https:\/\/suknie-loretta.pl\/wp-content\/uploads\/2025\/08\/404-2-704x1024.jpg 704w, https:\/\/suknie-loretta.pl\/wp-content\/uploads\/2025\/08\/404-2-206x300.jpg 206w, https:\/\/suknie-loretta.pl\/wp-content\/uploads\/2025\/08\/404-2-768x1117.jpg 768w, https:\/\/suknie-loretta.pl\/wp-content\/uploads\/2025\/08\/404-2-1056x1536.jpg 1056w, https:\/\/suknie-loretta.pl\/wp-content\/uploads\/2025\/08\/404-2.jpg 1100w\" sizes=\"(max-width: 704px) 100vw, 704px\" \/><button\n\t\t\tclass=\"lightbox-trigger\"\n\t\t\ttype=\"button\"\n\t\t\taria-haspopup=\"dialog\"\n\t\t\taria-label=\"Powi\u0119ksz\"\n\t\t\tdata-wp-init=\"callbacks.initTriggerButton\"\n\t\t\tdata-wp-on--click=\"actions.showLightbox\"\n\t\t\tdata-wp-style--right=\"state.imageButtonRight\"\n\t\t\tdata-wp-style--top=\"state.imageButtonTop\"\n\t\t>\n\t\t\t<svg xmlns=\"http:\/\/www.w3.org\/2000\/svg\" width=\"12\" height=\"12\" fill=\"none\" viewBox=\"0 0 12 12\">\n\t\t\t\t<path fill=\"#fff\" d=\"M2 0a2 2 0 0 0-2 2v2h1.5V2a.5.5 0 0 1 .5-.5h2V0H2Zm2 10.5H2a.5.5 0 0 1-.5-.5V8H0v2a2 2 0 0 0 2 2h2v-1.5ZM8 12v-1.5h2a.5.5 0 0 0 .5-.5V8H12v2a2 2 0 0 1-2 2H8Zm2-12a2 2 0 0 1 2 2v2h-1.5V2a.5.5 0 0 0-.5-.5H8V0h2Z\" \/>\n\t\t\t<\/svg>\n\t\t<\/button><\/figure>\n\n\n\n<figure data-wp-context=\"{&quot;imageId&quot;:&quot;69e232be87a9a&quot;}\" data-wp-interactive=\"core\/image\" data-wp-key=\"69e232be87a9a\" class=\"wp-block-image size-large wp-lightbox-container\"><img decoding=\"async\" width=\"704\" height=\"1024\" data-wp-class--hide=\"state.isContentHidden\" data-wp-class--show=\"state.isContentVisible\" data-wp-init=\"callbacks.setButtonStyles\" data-wp-on--click=\"actions.showLightbox\" data-wp-on--load=\"callbacks.setButtonStyles\" data-wp-on-window--resize=\"callbacks.setButtonStyles\" data-id=\"1058\" src=\"https:\/\/loretta.sq2.pl\/wp-content\/uploads\/2025\/08\/404-3-704x1024.jpg\" alt=\"\" class=\"wp-image-1058\" srcset=\"https:\/\/suknie-loretta.pl\/wp-content\/uploads\/2025\/08\/404-3-704x1024.jpg 704w, https:\/\/suknie-loretta.pl\/wp-content\/uploads\/2025\/08\/404-3-206x300.jpg 206w, https:\/\/suknie-loretta.pl\/wp-content\/uploads\/2025\/08\/404-3-768x1117.jpg 768w, https:\/\/suknie-loretta.pl\/wp-content\/uploads\/2025\/08\/404-3-1056x1536.jpg 1056w, https:\/\/suknie-loretta.pl\/wp-content\/uploads\/2025\/08\/404-3.jpg 1100w\" sizes=\"(max-width: 704px) 100vw, 704px\" \/><button\n\t\t\tclass=\"lightbox-trigger\"\n\t\t\ttype=\"button\"\n\t\t\taria-haspopup=\"dialog\"\n\t\t\taria-label=\"Powi\u0119ksz\"\n\t\t\tdata-wp-init=\"callbacks.initTriggerButton\"\n\t\t\tdata-wp-on--click=\"actions.showLightbox\"\n\t\t\tdata-wp-style--right=\"state.imageButtonRight\"\n\t\t\tdata-wp-style--top=\"state.imageButtonTop\"\n\t\t>\n\t\t\t<svg xmlns=\"http:\/\/www.w3.org\/2000\/svg\" width=\"12\" height=\"12\" fill=\"none\" viewBox=\"0 0 12 12\">\n\t\t\t\t<path fill=\"#fff\" d=\"M2 0a2 2 0 0 0-2 2v2h1.5V2a.5.5 0 0 1 .5-.5h2V0H2Zm2 10.5H2a.5.5 0 0 1-.5-.5V8H0v2a2 2 0 0 0 2 2h2v-1.5ZM8 12v-1.5h2a.5.5 0 0 0 .5-.5V8H12v2a2 2 0 0 1-2 2H8Zm2-12a2 2 0 0 1 2 2v2h-1.5V2a.5.5 0 0 0-.5-.5H8V0h2Z\" \/>\n\t\t\t<\/svg>\n\t\t<\/button><\/figure>\n\n\n\n<figure data-wp-context=\"{&quot;imageId&quot;:&quot;69e232be87f7f&quot;}\" data-wp-interactive=\"core\/image\" data-wp-key=\"69e232be87f7f\" class=\"wp-block-image size-large wp-lightbox-container\"><img loading=\"lazy\" decoding=\"async\" width=\"704\" height=\"1024\" data-wp-class--hide=\"state.isContentHidden\" data-wp-class--show=\"state.isContentVisible\" data-wp-init=\"callbacks.setButtonStyles\" data-wp-on--click=\"actions.showLightbox\" data-wp-on--load=\"callbacks.setButtonStyles\" data-wp-on-window--resize=\"callbacks.setButtonStyles\" data-id=\"1060\" src=\"https:\/\/loretta.sq2.pl\/wp-content\/uploads\/2025\/08\/404-4-704x1024.jpg\" alt=\"\" class=\"wp-image-1060\" srcset=\"https:\/\/suknie-loretta.pl\/wp-content\/uploads\/2025\/08\/404-4-704x1024.jpg 704w, https:\/\/suknie-loretta.pl\/wp-content\/uploads\/2025\/08\/404-4-206x300.jpg 206w, https:\/\/suknie-loretta.pl\/wp-content\/uploads\/2025\/08\/404-4-768x1117.jpg 768w, https:\/\/suknie-loretta.pl\/wp-content\/uploads\/2025\/08\/404-4-1056x1536.jpg 1056w, https:\/\/suknie-loretta.pl\/wp-content\/uploads\/2025\/08\/404-4.jpg 1100w\" sizes=\"(max-width: 704px) 100vw, 704px\" \/><button\n\t\t\tclass=\"lightbox-trigger\"\n\t\t\ttype=\"button\"\n\t\t\taria-haspopup=\"dialog\"\n\t\t\taria-label=\"Powi\u0119ksz\"\n\t\t\tdata-wp-init=\"callbacks.initTriggerButton\"\n\t\t\tdata-wp-on--click=\"actions.showLightbox\"\n\t\t\tdata-wp-style--right=\"state.imageButtonRight\"\n\t\t\tdata-wp-style--top=\"state.imageButtonTop\"\n\t\t>\n\t\t\t<svg xmlns=\"http:\/\/www.w3.org\/2000\/svg\" width=\"12\" height=\"12\" fill=\"none\" viewBox=\"0 0 12 12\">\n\t\t\t\t<path fill=\"#fff\" d=\"M2 0a2 2 0 0 0-2 2v2h1.5V2a.5.5 0 0 1 .5-.5h2V0H2Zm2 10.5H2a.5.5 0 0 1-.5-.5V8H0v2a2 2 0 0 0 2 2h2v-1.5ZM8 12v-1.5h2a.5.5 0 0 0 .5-.5V8H12v2a2 2 0 0 1-2 2H8Zm2-12a2 2 0 0 1 2 2v2h-1.5V2a.5.5 0 0 0-.5-.5H8V0h2Z\" \/>\n\t\t\t<\/svg>\n\t\t<\/button><\/figure>\n<\/figure>\n","protected":false},"excerpt":{"rendered":"<p>Kolekcja Rosa &#8211; model 404 Kolekcja \u201eRosa\u201d to wsp\u00f3\u0142czesna interpretacja marze\u0144 o \u015blubie rodem z ba\u015bni. Suknie w fasonie \u201ePrincessa\u201d zachwycaj\u0105 roz\u0142o\u017cystymi sp\u00f3dnicami, lekkimi jak mg\u0142a tiulami i perfekcyjnie dopracowanymi gorsetami, kt\u00f3re podkre\u015blaj\u0105 sylwetk\u0119 z subteln\u0105 elegancj\u0105. To propozycja dla kobiet, kt\u00f3re pragn\u0105 po\u0142\u0105czy\u0107 klasyczn\u0105 form\u0119 z nowoczesnym wyrazem stylu. Ka\u017cdy model z kolekcji \u201eRosa\u201d [&hellip;]<\/p>\n","protected":false},"author":1,"featured_media":0,"parent":0,"menu_order":0,"comment_status":"closed","ping_status":"closed","template":"","meta":{"footnotes":""},"class_list":["post-1056","page","type-page","status-publish","hentry"],"yoast_head":"<!-- This site is optimized with the Yoast SEO plugin v25.5 - https:\/\/yoast.com\/wordpress\/plugins\/seo\/ -->\n<title>Rosa 404 - Loretta - Salon sukni \u015blubnych Wroc\u0142aw<\/title>\n<meta name=\"robots\" content=\"index, follow, max-snippet:-1, max-image-preview:large, max-video-preview:-1\" \/>\n<link rel=\"canonical\" href=\"https:\/\/suknie-loretta.pl\/?page_id=1056\" \/>\n<meta property=\"og:locale\" content=\"pl_PL\" \/>\n<meta property=\"og:type\" content=\"article\" \/>\n<meta property=\"og:title\" content=\"Rosa 404 - Loretta - Salon sukni \u015blubnych Wroc\u0142aw\" \/>\n<meta property=\"og:description\" content=\"Kolekcja Rosa &#8211; model 404 Kolekcja \u201eRosa\u201d to wsp\u00f3\u0142czesna interpretacja marze\u0144 o \u015blubie rodem z ba\u015bni. Suknie w fasonie \u201ePrincessa\u201d zachwycaj\u0105 roz\u0142o\u017cystymi sp\u00f3dnicami, lekkimi jak mg\u0142a tiulami i perfekcyjnie dopracowanymi gorsetami, kt\u00f3re podkre\u015blaj\u0105 sylwetk\u0119 z subteln\u0105 elegancj\u0105. To propozycja dla kobiet, kt\u00f3re pragn\u0105 po\u0142\u0105czy\u0107 klasyczn\u0105 form\u0119 z nowoczesnym wyrazem stylu. Ka\u017cdy model z kolekcji \u201eRosa\u201d [&hellip;]\" \/>\n<meta property=\"og:url\" content=\"https:\/\/suknie-loretta.pl\/?page_id=1056\" \/>\n<meta property=\"og:site_name\" content=\"Loretta - Salon sukni \u015blubnych Wroc\u0142aw\" \/>\n<meta property=\"og:image\" content=\"https:\/\/loretta.sq2.pl\/wp-content\/uploads\/2025\/08\/404-1-704x1024.jpg\" \/>\n<meta name=\"twitter:card\" content=\"summary_large_image\" \/>\n<meta name=\"twitter:label1\" content=\"Szacowany czas czytania\" \/>\n\t<meta name=\"twitter:data1\" content=\"1 minuta\" \/>\n<script type=\"application\/ld+json\" class=\"yoast-schema-graph\">{\"@context\":\"https:\/\/schema.org\",\"@graph\":[{\"@type\":\"WebPage\",\"@id\":\"https:\/\/suknie-loretta.pl\/?page_id=1056\",\"url\":\"https:\/\/suknie-loretta.pl\/?page_id=1056\",\"name\":\"Rosa 404 - Loretta - Salon sukni \u015blubnych Wroc\u0142aw\",\"isPartOf\":{\"@id\":\"https:\/\/suknie-loretta.pl\/#website\"},\"primaryImageOfPage\":{\"@id\":\"https:\/\/suknie-loretta.pl\/?page_id=1056#primaryimage\"},\"image\":{\"@id\":\"https:\/\/suknie-loretta.pl\/?page_id=1056#primaryimage\"},\"thumbnailUrl\":\"https:\/\/loretta.sq2.pl\/wp-content\/uploads\/2025\/08\/404-1-704x1024.jpg\",\"datePublished\":\"2025-08-10T22:17:55+00:00\",\"breadcrumb\":{\"@id\":\"https:\/\/suknie-loretta.pl\/?page_id=1056#breadcrumb\"},\"inLanguage\":\"pl-PL\",\"potentialAction\":[{\"@type\":\"ReadAction\",\"target\":[\"https:\/\/suknie-loretta.pl\/?page_id=1056\"]}]},{\"@type\":\"ImageObject\",\"inLanguage\":\"pl-PL\",\"@id\":\"https:\/\/suknie-loretta.pl\/?page_id=1056#primaryimage\",\"url\":\"https:\/\/loretta.sq2.pl\/wp-content\/uploads\/2025\/08\/404-1-704x1024.jpg\",\"contentUrl\":\"https:\/\/loretta.sq2.pl\/wp-content\/uploads\/2025\/08\/404-1-704x1024.jpg\"},{\"@type\":\"BreadcrumbList\",\"@id\":\"https:\/\/suknie-loretta.pl\/?page_id=1056#breadcrumb\",\"itemListElement\":[{\"@type\":\"ListItem\",\"position\":1,\"name\":\"Home\",\"item\":\"https:\/\/suknie-loretta.pl\/\"},{\"@type\":\"ListItem\",\"position\":2,\"name\":\"Rosa 404\"}]},{\"@type\":\"WebSite\",\"@id\":\"https:\/\/suknie-loretta.pl\/#website\",\"url\":\"https:\/\/suknie-loretta.pl\/\",\"name\":\"Loretta - Salon sukni \u015blubnych Wroc\u0142aw\",\"description\":\"Spe\u0142niamy marzenia od 1991 roku!\",\"publisher\":{\"@id\":\"https:\/\/suknie-loretta.pl\/#organization\"},\"potentialAction\":[{\"@type\":\"SearchAction\",\"target\":{\"@type\":\"EntryPoint\",\"urlTemplate\":\"https:\/\/suknie-loretta.pl\/?s={search_term_string}\"},\"query-input\":{\"@type\":\"PropertyValueSpecification\",\"valueRequired\":true,\"valueName\":\"search_term_string\"}}],\"inLanguage\":\"pl-PL\"},{\"@type\":\"Organization\",\"@id\":\"https:\/\/suknie-loretta.pl\/#organization\",\"name\":\"Loretta - Salon sukni \u015blubnych Wroc\u0142aw\",\"url\":\"https:\/\/suknie-loretta.pl\/\",\"logo\":{\"@type\":\"ImageObject\",\"inLanguage\":\"pl-PL\",\"@id\":\"https:\/\/suknie-loretta.pl\/#\/schema\/logo\/image\/\",\"url\":\"https:\/\/suknie-loretta.pl\/wp-content\/uploads\/2025\/07\/logo-loretta-3.png\",\"contentUrl\":\"https:\/\/suknie-loretta.pl\/wp-content\/uploads\/2025\/07\/logo-loretta-3.png\",\"width\":261,\"height\":68,\"caption\":\"Loretta - Salon sukni \u015blubnych Wroc\u0142aw\"},\"image\":{\"@id\":\"https:\/\/suknie-loretta.pl\/#\/schema\/logo\/image\/\"}}]}<\/script>\n<!-- \/ Yoast SEO plugin. -->","yoast_head_json":{"title":"Rosa 404 - Loretta - Salon sukni \u015blubnych Wroc\u0142aw","robots":{"index":"index","follow":"follow","max-snippet":"max-snippet:-1","max-image-preview":"max-image-preview:large","max-video-preview":"max-video-preview:-1"},"canonical":"https:\/\/suknie-loretta.pl\/?page_id=1056","og_locale":"pl_PL","og_type":"article","og_title":"Rosa 404 - Loretta - Salon sukni \u015blubnych Wroc\u0142aw","og_description":"Kolekcja Rosa &#8211; model 404 Kolekcja \u201eRosa\u201d to wsp\u00f3\u0142czesna interpretacja marze\u0144 o \u015blubie rodem z ba\u015bni. Suknie w fasonie \u201ePrincessa\u201d zachwycaj\u0105 roz\u0142o\u017cystymi sp\u00f3dnicami, lekkimi jak mg\u0142a tiulami i perfekcyjnie dopracowanymi gorsetami, kt\u00f3re podkre\u015blaj\u0105 sylwetk\u0119 z subteln\u0105 elegancj\u0105. To propozycja dla kobiet, kt\u00f3re pragn\u0105 po\u0142\u0105czy\u0107 klasyczn\u0105 form\u0119 z nowoczesnym wyrazem stylu. Ka\u017cdy model z kolekcji \u201eRosa\u201d [&hellip;]","og_url":"https:\/\/suknie-loretta.pl\/?page_id=1056","og_site_name":"Loretta - Salon sukni \u015blubnych Wroc\u0142aw","og_image":[{"url":"https:\/\/loretta.sq2.pl\/wp-content\/uploads\/2025\/08\/404-1-704x1024.jpg","type":"","width":"","height":""}],"twitter_card":"summary_large_image","twitter_misc":{"Szacowany czas czytania":"1 minuta"},"schema":{"@context":"https:\/\/schema.org","@graph":[{"@type":"WebPage","@id":"https:\/\/suknie-loretta.pl\/?page_id=1056","url":"https:\/\/suknie-loretta.pl\/?page_id=1056","name":"Rosa 404 - Loretta - Salon sukni \u015blubnych Wroc\u0142aw","isPartOf":{"@id":"https:\/\/suknie-loretta.pl\/#website"},"primaryImageOfPage":{"@id":"https:\/\/suknie-loretta.pl\/?page_id=1056#primaryimage"},"image":{"@id":"https:\/\/suknie-loretta.pl\/?page_id=1056#primaryimage"},"thumbnailUrl":"https:\/\/loretta.sq2.pl\/wp-content\/uploads\/2025\/08\/404-1-704x1024.jpg","datePublished":"2025-08-10T22:17:55+00:00","breadcrumb":{"@id":"https:\/\/suknie-loretta.pl\/?page_id=1056#breadcrumb"},"inLanguage":"pl-PL","potentialAction":[{"@type":"ReadAction","target":["https:\/\/suknie-loretta.pl\/?page_id=1056"]}]},{"@type":"ImageObject","inLanguage":"pl-PL","@id":"https:\/\/suknie-loretta.pl\/?page_id=1056#primaryimage","url":"https:\/\/loretta.sq2.pl\/wp-content\/uploads\/2025\/08\/404-1-704x1024.jpg","contentUrl":"https:\/\/loretta.sq2.pl\/wp-content\/uploads\/2025\/08\/404-1-704x1024.jpg"},{"@type":"BreadcrumbList","@id":"https:\/\/suknie-loretta.pl\/?page_id=1056#breadcrumb","itemListElement":[{"@type":"ListItem","position":1,"name":"Home","item":"https:\/\/suknie-loretta.pl\/"},{"@type":"ListItem","position":2,"name":"Rosa 404"}]},{"@type":"WebSite","@id":"https:\/\/suknie-loretta.pl\/#website","url":"https:\/\/suknie-loretta.pl\/","name":"Loretta - Salon sukni \u015blubnych Wroc\u0142aw","description":"Spe\u0142niamy marzenia od 1991 roku!","publisher":{"@id":"https:\/\/suknie-loretta.pl\/#organization"},"potentialAction":[{"@type":"SearchAction","target":{"@type":"EntryPoint","urlTemplate":"https:\/\/suknie-loretta.pl\/?s={search_term_string}"},"query-input":{"@type":"PropertyValueSpecification","valueRequired":true,"valueName":"search_term_string"}}],"inLanguage":"pl-PL"},{"@type":"Organization","@id":"https:\/\/suknie-loretta.pl\/#organization","name":"Loretta - Salon sukni \u015blubnych Wroc\u0142aw","url":"https:\/\/suknie-loretta.pl\/","logo":{"@type":"ImageObject","inLanguage":"pl-PL","@id":"https:\/\/suknie-loretta.pl\/#\/schema\/logo\/image\/","url":"https:\/\/suknie-loretta.pl\/wp-content\/uploads\/2025\/07\/logo-loretta-3.png","contentUrl":"https:\/\/suknie-loretta.pl\/wp-content\/uploads\/2025\/07\/logo-loretta-3.png","width":261,"height":68,"caption":"Loretta - Salon sukni \u015blubnych Wroc\u0142aw"},"image":{"@id":"https:\/\/suknie-loretta.pl\/#\/schema\/logo\/image\/"}}]}},"_links":{"self":[{"href":"https:\/\/suknie-loretta.pl\/index.php?rest_route=\/wp\/v2\/pages\/1056","targetHints":{"allow":["GET"]}}],"collection":[{"href":"https:\/\/suknie-loretta.pl\/index.php?rest_route=\/wp\/v2\/pages"}],"about":[{"href":"https:\/\/suknie-loretta.pl\/index.php?rest_route=\/wp\/v2\/types\/page"}],"author":[{"embeddable":true,"href":"https:\/\/suknie-loretta.pl\/index.php?rest_route=\/wp\/v2\/users\/1"}],"replies":[{"embeddable":true,"href":"https:\/\/suknie-loretta.pl\/index.php?rest_route=%2Fwp%2Fv2%2Fcomments&post=1056"}],"version-history":[{"count":1,"href":"https:\/\/suknie-loretta.pl\/index.php?rest_route=\/wp\/v2\/pages\/1056\/revisions"}],"predecessor-version":[{"id":1061,"href":"https:\/\/suknie-loretta.pl\/index.php?rest_route=\/wp\/v2\/pages\/1056\/revisions\/1061"}],"wp:attachment":[{"href":"https:\/\/suknie-loretta.pl\/index.php?rest_route=%2Fwp%2Fv2%2Fmedia&parent=1056"}],"curies":[{"name":"wp","href":"https:\/\/api.w.org\/{rel}","templated":true}]}}