{"id":1239,"date":"2025-09-08T18:57:55","date_gmt":"2025-09-08T16:57:55","guid":{"rendered":"https:\/\/suknie-loretta.pl\/?page_id=1239"},"modified":"2025-09-08T19:29:53","modified_gmt":"2025-09-08T17:29:53","slug":"wyp-piper","status":"publish","type":"page","link":"https:\/\/suknie-loretta.pl\/?page_id=1239","title":{"rendered":"wyp Piper"},"content":{"rendered":"\n<div class=\"wp-block-media-text is-stacked-on-mobile\"><figure class=\"wp-block-media-text__media\"><img fetchpriority=\"high\" decoding=\"async\" width=\"704\" height=\"1024\" src=\"https:\/\/suknie-loretta.pl\/wp-content\/uploads\/2025\/09\/piper-1-704x1024.jpg\" alt=\"\" class=\"wp-image-1250 size-full\" srcset=\"https:\/\/suknie-loretta.pl\/wp-content\/uploads\/2025\/09\/piper-1-704x1024.jpg 704w, https:\/\/suknie-loretta.pl\/wp-content\/uploads\/2025\/09\/piper-1-206x300.jpg 206w, https:\/\/suknie-loretta.pl\/wp-content\/uploads\/2025\/09\/piper-1-768x1117.jpg 768w, https:\/\/suknie-loretta.pl\/wp-content\/uploads\/2025\/09\/piper-1-1056x1536.jpg 1056w, https:\/\/suknie-loretta.pl\/wp-content\/uploads\/2025\/09\/piper-1.jpg 1100w\" sizes=\"(max-width: 704px) 100vw, 704px\" \/><\/figure><div class=\"wp-block-media-text__content\">\n<h2 class=\"wp-block-heading\">All Who Wander <br><em>Piper<\/em><\/h2>\n\n\n\n<p>Piper, odwa\u017cn\u0105 i pi\u0119kn\u0105 sukni\u0105 \u015blubn\u0105 w stylu boho Twoich marze\u0144. <br><br>Prosty, o\u0142\u00f3wkowy kr\u00f3j z delikatnym rozkloszowaniem poni\u017cej bioder tworzy niezwykle seksown\u0105 sylwetk\u0119, zapewniaj\u0105c jednocze\u015bnie swobodny i wygodny charakter, kt\u00f3rego pragniesz w dniu swojego naturalnego \u015blubu. <br><br>Prosty dekolt ukazuje w\u0105skie wyci\u0119cie z przodu i na \u015brodku, zamaskowane koronkami na ca\u0142ej powierzchni, nadaj\u0105c sukni gustowny urok. <br><br>Koronki tworz\u0105 osza\u0142amiaj\u0105cy, przypominaj\u0105cy sie\u0107 wz\u00f3r, kt\u00f3ry r\u00f3\u017cni si\u0119 rozmiarem i faktur\u0105, dodaj\u0105c sukni uderzaj\u0105cego wymiaru i niepowtarzalno\u015bci. <br><br>Z przezroczysto\u015bci\u0105 odbit\u0105 r\u00f3wnie\u017c po bokach, uko\u015bne wyci\u0119cia ods\u0142aniaj\u0105 odrobin\u0119 sk\u00f3ry pod warstw\u0105 misternych koronek, tworz\u0105c urzekaj\u0105ce pi\u0119kno panny m\u0142odej z ka\u017cdej strony. <br><br>Odpinana koronkowa falbana dodaje element zaskoczenia do tego urzekaj\u0105cego, w innym przypadku bez rami\u0105czek, stylu \u2014 oferuj\u0105c r\u00f3\u017cnorodno\u015b\u0107 stylizacji do wyboru.<\/p>\n<\/div><\/div>\n\n\n\n<figure class=\"wp-block-gallery has-nested-images columns-4 is-cropped wp-block-gallery-1 is-layout-flex wp-block-gallery-is-layout-flex\">\n<figure data-wp-context=\"{&quot;imageId&quot;:&quot;69e21d36d86dd&quot;}\" data-wp-interactive=\"core\/image\" data-wp-key=\"69e21d36d86dd\" class=\"wp-block-image size-large wp-lightbox-container\"><img decoding=\"async\" width=\"704\" height=\"1024\" data-wp-class--hide=\"state.isContentHidden\" data-wp-class--show=\"state.isContentVisible\" data-wp-init=\"callbacks.setButtonStyles\" data-wp-on--click=\"actions.showLightbox\" data-wp-on--load=\"callbacks.setButtonStyles\" data-wp-on-window--resize=\"callbacks.setButtonStyles\" data-id=\"1241\" src=\"https:\/\/suknie-loretta.pl\/wp-content\/uploads\/2025\/09\/piper002-704x1024.jpg\" alt=\"\" class=\"wp-image-1241\" srcset=\"https:\/\/suknie-loretta.pl\/wp-content\/uploads\/2025\/09\/piper002-704x1024.jpg 704w, https:\/\/suknie-loretta.pl\/wp-content\/uploads\/2025\/09\/piper002-206x300.jpg 206w, https:\/\/suknie-loretta.pl\/wp-content\/uploads\/2025\/09\/piper002-768x1117.jpg 768w, https:\/\/suknie-loretta.pl\/wp-content\/uploads\/2025\/09\/piper002-1056x1536.jpg 1056w, https:\/\/suknie-loretta.pl\/wp-content\/uploads\/2025\/09\/piper002.jpg 1100w\" sizes=\"(max-width: 704px) 100vw, 704px\" \/><button\n\t\t\tclass=\"lightbox-trigger\"\n\t\t\ttype=\"button\"\n\t\t\taria-haspopup=\"dialog\"\n\t\t\taria-label=\"Powi\u0119ksz\"\n\t\t\tdata-wp-init=\"callbacks.initTriggerButton\"\n\t\t\tdata-wp-on--click=\"actions.showLightbox\"\n\t\t\tdata-wp-style--right=\"state.imageButtonRight\"\n\t\t\tdata-wp-style--top=\"state.imageButtonTop\"\n\t\t>\n\t\t\t<svg xmlns=\"http:\/\/www.w3.org\/2000\/svg\" width=\"12\" height=\"12\" fill=\"none\" viewBox=\"0 0 12 12\">\n\t\t\t\t<path fill=\"#fff\" d=\"M2 0a2 2 0 0 0-2 2v2h1.5V2a.5.5 0 0 1 .5-.5h2V0H2Zm2 10.5H2a.5.5 0 0 1-.5-.5V8H0v2a2 2 0 0 0 2 2h2v-1.5ZM8 12v-1.5h2a.5.5 0 0 0 .5-.5V8H12v2a2 2 0 0 1-2 2H8Zm2-12a2 2 0 0 1 2 2v2h-1.5V2a.5.5 0 0 0-.5-.5H8V0h2Z\" \/>\n\t\t\t<\/svg>\n\t\t<\/button><\/figure>\n\n\n\n<figure data-wp-context=\"{&quot;imageId&quot;:&quot;69e21d36d8c79&quot;}\" data-wp-interactive=\"core\/image\" data-wp-key=\"69e21d36d8c79\" class=\"wp-block-image size-large wp-lightbox-container\"><img decoding=\"async\" width=\"704\" height=\"1024\" data-wp-class--hide=\"state.isContentHidden\" data-wp-class--show=\"state.isContentVisible\" data-wp-init=\"callbacks.setButtonStyles\" data-wp-on--click=\"actions.showLightbox\" data-wp-on--load=\"callbacks.setButtonStyles\" data-wp-on-window--resize=\"callbacks.setButtonStyles\" data-id=\"1242\" src=\"https:\/\/suknie-loretta.pl\/wp-content\/uploads\/2025\/09\/piper003-704x1024.jpg\" alt=\"\" class=\"wp-image-1242\" srcset=\"https:\/\/suknie-loretta.pl\/wp-content\/uploads\/2025\/09\/piper003-704x1024.jpg 704w, https:\/\/suknie-loretta.pl\/wp-content\/uploads\/2025\/09\/piper003-206x300.jpg 206w, https:\/\/suknie-loretta.pl\/wp-content\/uploads\/2025\/09\/piper003-768x1117.jpg 768w, https:\/\/suknie-loretta.pl\/wp-content\/uploads\/2025\/09\/piper003-1056x1536.jpg 1056w, https:\/\/suknie-loretta.pl\/wp-content\/uploads\/2025\/09\/piper003.jpg 1100w\" sizes=\"(max-width: 704px) 100vw, 704px\" \/><button\n\t\t\tclass=\"lightbox-trigger\"\n\t\t\ttype=\"button\"\n\t\t\taria-haspopup=\"dialog\"\n\t\t\taria-label=\"Powi\u0119ksz\"\n\t\t\tdata-wp-init=\"callbacks.initTriggerButton\"\n\t\t\tdata-wp-on--click=\"actions.showLightbox\"\n\t\t\tdata-wp-style--right=\"state.imageButtonRight\"\n\t\t\tdata-wp-style--top=\"state.imageButtonTop\"\n\t\t>\n\t\t\t<svg xmlns=\"http:\/\/www.w3.org\/2000\/svg\" width=\"12\" height=\"12\" fill=\"none\" viewBox=\"0 0 12 12\">\n\t\t\t\t<path fill=\"#fff\" d=\"M2 0a2 2 0 0 0-2 2v2h1.5V2a.5.5 0 0 1 .5-.5h2V0H2Zm2 10.5H2a.5.5 0 0 1-.5-.5V8H0v2a2 2 0 0 0 2 2h2v-1.5ZM8 12v-1.5h2a.5.5 0 0 0 .5-.5V8H12v2a2 2 0 0 1-2 2H8Zm2-12a2 2 0 0 1 2 2v2h-1.5V2a.5.5 0 0 0-.5-.5H8V0h2Z\" \/>\n\t\t\t<\/svg>\n\t\t<\/button><\/figure>\n\n\n\n<figure data-wp-context=\"{&quot;imageId&quot;:&quot;69e21d36d915b&quot;}\" data-wp-interactive=\"core\/image\" data-wp-key=\"69e21d36d915b\" class=\"wp-block-image size-large wp-lightbox-container\"><img loading=\"lazy\" decoding=\"async\" width=\"704\" height=\"1024\" data-wp-class--hide=\"state.isContentHidden\" data-wp-class--show=\"state.isContentVisible\" data-wp-init=\"callbacks.setButtonStyles\" data-wp-on--click=\"actions.showLightbox\" data-wp-on--load=\"callbacks.setButtonStyles\" data-wp-on-window--resize=\"callbacks.setButtonStyles\" data-id=\"1244\" src=\"https:\/\/suknie-loretta.pl\/wp-content\/uploads\/2025\/09\/piper004-704x1024.jpg\" alt=\"\" class=\"wp-image-1244\" srcset=\"https:\/\/suknie-loretta.pl\/wp-content\/uploads\/2025\/09\/piper004-704x1024.jpg 704w, https:\/\/suknie-loretta.pl\/wp-content\/uploads\/2025\/09\/piper004-206x300.jpg 206w, https:\/\/suknie-loretta.pl\/wp-content\/uploads\/2025\/09\/piper004-768x1117.jpg 768w, https:\/\/suknie-loretta.pl\/wp-content\/uploads\/2025\/09\/piper004-1056x1536.jpg 1056w, https:\/\/suknie-loretta.pl\/wp-content\/uploads\/2025\/09\/piper004.jpg 1100w\" sizes=\"(max-width: 704px) 100vw, 704px\" \/><button\n\t\t\tclass=\"lightbox-trigger\"\n\t\t\ttype=\"button\"\n\t\t\taria-haspopup=\"dialog\"\n\t\t\taria-label=\"Powi\u0119ksz\"\n\t\t\tdata-wp-init=\"callbacks.initTriggerButton\"\n\t\t\tdata-wp-on--click=\"actions.showLightbox\"\n\t\t\tdata-wp-style--right=\"state.imageButtonRight\"\n\t\t\tdata-wp-style--top=\"state.imageButtonTop\"\n\t\t>\n\t\t\t<svg xmlns=\"http:\/\/www.w3.org\/2000\/svg\" width=\"12\" height=\"12\" fill=\"none\" viewBox=\"0 0 12 12\">\n\t\t\t\t<path fill=\"#fff\" d=\"M2 0a2 2 0 0 0-2 2v2h1.5V2a.5.5 0 0 1 .5-.5h2V0H2Zm2 10.5H2a.5.5 0 0 1-.5-.5V8H0v2a2 2 0 0 0 2 2h2v-1.5ZM8 12v-1.5h2a.5.5 0 0 0 .5-.5V8H12v2a2 2 0 0 1-2 2H8Zm2-12a2 2 0 0 1 2 2v2h-1.5V2a.5.5 0 0 0-.5-.5H8V0h2Z\" \/>\n\t\t\t<\/svg>\n\t\t<\/button><\/figure>\n\n\n\n<figure data-wp-context=\"{&quot;imageId&quot;:&quot;69e21d36d95f6&quot;}\" data-wp-interactive=\"core\/image\" data-wp-key=\"69e21d36d95f6\" class=\"wp-block-image size-large wp-lightbox-container\"><img loading=\"lazy\" decoding=\"async\" width=\"704\" height=\"1024\" data-wp-class--hide=\"state.isContentHidden\" data-wp-class--show=\"state.isContentVisible\" data-wp-init=\"callbacks.setButtonStyles\" data-wp-on--click=\"actions.showLightbox\" data-wp-on--load=\"callbacks.setButtonStyles\" data-wp-on-window--resize=\"callbacks.setButtonStyles\" data-id=\"1243\" src=\"https:\/\/suknie-loretta.pl\/wp-content\/uploads\/2025\/09\/piper005-704x1024.jpg\" alt=\"\" class=\"wp-image-1243\" srcset=\"https:\/\/suknie-loretta.pl\/wp-content\/uploads\/2025\/09\/piper005-704x1024.jpg 704w, https:\/\/suknie-loretta.pl\/wp-content\/uploads\/2025\/09\/piper005-206x300.jpg 206w, https:\/\/suknie-loretta.pl\/wp-content\/uploads\/2025\/09\/piper005-768x1117.jpg 768w, https:\/\/suknie-loretta.pl\/wp-content\/uploads\/2025\/09\/piper005-1056x1536.jpg 1056w, https:\/\/suknie-loretta.pl\/wp-content\/uploads\/2025\/09\/piper005.jpg 1100w\" sizes=\"(max-width: 704px) 100vw, 704px\" \/><button\n\t\t\tclass=\"lightbox-trigger\"\n\t\t\ttype=\"button\"\n\t\t\taria-haspopup=\"dialog\"\n\t\t\taria-label=\"Powi\u0119ksz\"\n\t\t\tdata-wp-init=\"callbacks.initTriggerButton\"\n\t\t\tdata-wp-on--click=\"actions.showLightbox\"\n\t\t\tdata-wp-style--right=\"state.imageButtonRight\"\n\t\t\tdata-wp-style--top=\"state.imageButtonTop\"\n\t\t>\n\t\t\t<svg xmlns=\"http:\/\/www.w3.org\/2000\/svg\" width=\"12\" height=\"12\" fill=\"none\" viewBox=\"0 0 12 12\">\n\t\t\t\t<path fill=\"#fff\" d=\"M2 0a2 2 0 0 0-2 2v2h1.5V2a.5.5 0 0 1 .5-.5h2V0H2Zm2 10.5H2a.5.5 0 0 1-.5-.5V8H0v2a2 2 0 0 0 2 2h2v-1.5ZM8 12v-1.5h2a.5.5 0 0 0 .5-.5V8H12v2a2 2 0 0 1-2 2H8Zm2-12a2 2 0 0 1 2 2v2h-1.5V2a.5.5 0 0 0-.5-.5H8V0h2Z\" \/>\n\t\t\t<\/svg>\n\t\t<\/button><\/figure>\n<\/figure>\n","protected":false},"excerpt":{"rendered":"<p>All Who Wander Piper Piper, odwa\u017cn\u0105 i pi\u0119kn\u0105 sukni\u0105 \u015blubn\u0105 w stylu boho Twoich marze\u0144. Prosty, o\u0142\u00f3wkowy kr\u00f3j z delikatnym rozkloszowaniem poni\u017cej bioder tworzy niezwykle seksown\u0105 sylwetk\u0119, zapewniaj\u0105c jednocze\u015bnie swobodny i wygodny charakter, kt\u00f3rego pragniesz w dniu swojego naturalnego \u015blubu. Prosty dekolt ukazuje w\u0105skie wyci\u0119cie z przodu i na \u015brodku, zamaskowane koronkami na ca\u0142ej powierzchni, [&hellip;]<\/p>\n","protected":false},"author":1,"featured_media":0,"parent":0,"menu_order":0,"comment_status":"closed","ping_status":"closed","template":"","meta":{"footnotes":""},"class_list":["post-1239","page","type-page","status-publish","hentry"],"yoast_head":"<!-- This site is optimized with the Yoast SEO plugin v25.5 - https:\/\/yoast.com\/wordpress\/plugins\/seo\/ -->\n<title>wyp Piper - Loretta - Salon sukni \u015blubnych Wroc\u0142aw<\/title>\n<meta name=\"robots\" content=\"index, follow, max-snippet:-1, max-image-preview:large, max-video-preview:-1\" \/>\n<link rel=\"canonical\" href=\"https:\/\/suknie-loretta.pl\/?page_id=1239\" \/>\n<meta property=\"og:locale\" content=\"pl_PL\" \/>\n<meta property=\"og:type\" content=\"article\" \/>\n<meta property=\"og:title\" content=\"wyp Piper - Loretta - Salon sukni \u015blubnych Wroc\u0142aw\" \/>\n<meta property=\"og:description\" content=\"All Who Wander Piper Piper, odwa\u017cn\u0105 i pi\u0119kn\u0105 sukni\u0105 \u015blubn\u0105 w stylu boho Twoich marze\u0144. Prosty, o\u0142\u00f3wkowy kr\u00f3j z delikatnym rozkloszowaniem poni\u017cej bioder tworzy niezwykle seksown\u0105 sylwetk\u0119, zapewniaj\u0105c jednocze\u015bnie swobodny i wygodny charakter, kt\u00f3rego pragniesz w dniu swojego naturalnego \u015blubu. Prosty dekolt ukazuje w\u0105skie wyci\u0119cie z przodu i na \u015brodku, zamaskowane koronkami na ca\u0142ej powierzchni, [&hellip;]\" \/>\n<meta property=\"og:url\" content=\"https:\/\/suknie-loretta.pl\/?page_id=1239\" \/>\n<meta property=\"og:site_name\" content=\"Loretta - Salon sukni \u015blubnych Wroc\u0142aw\" \/>\n<meta property=\"article:modified_time\" content=\"2025-09-08T17:29:53+00:00\" \/>\n<meta property=\"og:image\" content=\"https:\/\/suknie-loretta.pl\/wp-content\/uploads\/2025\/09\/piper-1.jpg\" \/>\n\t<meta property=\"og:image:width\" content=\"1100\" \/>\n\t<meta property=\"og:image:height\" content=\"1600\" \/>\n\t<meta property=\"og:image:type\" content=\"image\/jpeg\" \/>\n<meta name=\"twitter:card\" content=\"summary_large_image\" \/>\n<meta name=\"twitter:label1\" content=\"Szacowany czas czytania\" \/>\n\t<meta name=\"twitter:data1\" content=\"1 minuta\" \/>\n<script type=\"application\/ld+json\" class=\"yoast-schema-graph\">{\"@context\":\"https:\/\/schema.org\",\"@graph\":[{\"@type\":\"WebPage\",\"@id\":\"https:\/\/suknie-loretta.pl\/?page_id=1239\",\"url\":\"https:\/\/suknie-loretta.pl\/?page_id=1239\",\"name\":\"wyp Piper - Loretta - Salon sukni \u015blubnych Wroc\u0142aw\",\"isPartOf\":{\"@id\":\"https:\/\/suknie-loretta.pl\/#website\"},\"primaryImageOfPage\":{\"@id\":\"https:\/\/suknie-loretta.pl\/?page_id=1239#primaryimage\"},\"image\":{\"@id\":\"https:\/\/suknie-loretta.pl\/?page_id=1239#primaryimage\"},\"thumbnailUrl\":\"https:\/\/suknie-loretta.pl\/wp-content\/uploads\/2025\/09\/piper-1-704x1024.jpg\",\"datePublished\":\"2025-09-08T16:57:55+00:00\",\"dateModified\":\"2025-09-08T17:29:53+00:00\",\"breadcrumb\":{\"@id\":\"https:\/\/suknie-loretta.pl\/?page_id=1239#breadcrumb\"},\"inLanguage\":\"pl-PL\",\"potentialAction\":[{\"@type\":\"ReadAction\",\"target\":[\"https:\/\/suknie-loretta.pl\/?page_id=1239\"]}]},{\"@type\":\"ImageObject\",\"inLanguage\":\"pl-PL\",\"@id\":\"https:\/\/suknie-loretta.pl\/?page_id=1239#primaryimage\",\"url\":\"https:\/\/suknie-loretta.pl\/wp-content\/uploads\/2025\/09\/piper-1.jpg\",\"contentUrl\":\"https:\/\/suknie-loretta.pl\/wp-content\/uploads\/2025\/09\/piper-1.jpg\",\"width\":1100,\"height\":1600},{\"@type\":\"BreadcrumbList\",\"@id\":\"https:\/\/suknie-loretta.pl\/?page_id=1239#breadcrumb\",\"itemListElement\":[{\"@type\":\"ListItem\",\"position\":1,\"name\":\"Home\",\"item\":\"https:\/\/suknie-loretta.pl\/\"},{\"@type\":\"ListItem\",\"position\":2,\"name\":\"wyp Piper\"}]},{\"@type\":\"WebSite\",\"@id\":\"https:\/\/suknie-loretta.pl\/#website\",\"url\":\"https:\/\/suknie-loretta.pl\/\",\"name\":\"Loretta - Salon sukni \u015blubnych Wroc\u0142aw\",\"description\":\"Spe\u0142niamy marzenia od 1991 roku!\",\"publisher\":{\"@id\":\"https:\/\/suknie-loretta.pl\/#organization\"},\"potentialAction\":[{\"@type\":\"SearchAction\",\"target\":{\"@type\":\"EntryPoint\",\"urlTemplate\":\"https:\/\/suknie-loretta.pl\/?s={search_term_string}\"},\"query-input\":{\"@type\":\"PropertyValueSpecification\",\"valueRequired\":true,\"valueName\":\"search_term_string\"}}],\"inLanguage\":\"pl-PL\"},{\"@type\":\"Organization\",\"@id\":\"https:\/\/suknie-loretta.pl\/#organization\",\"name\":\"Loretta - Salon sukni \u015blubnych Wroc\u0142aw\",\"url\":\"https:\/\/suknie-loretta.pl\/\",\"logo\":{\"@type\":\"ImageObject\",\"inLanguage\":\"pl-PL\",\"@id\":\"https:\/\/suknie-loretta.pl\/#\/schema\/logo\/image\/\",\"url\":\"https:\/\/suknie-loretta.pl\/wp-content\/uploads\/2025\/07\/logo-loretta-3.png\",\"contentUrl\":\"https:\/\/suknie-loretta.pl\/wp-content\/uploads\/2025\/07\/logo-loretta-3.png\",\"width\":261,\"height\":68,\"caption\":\"Loretta - Salon sukni \u015blubnych Wroc\u0142aw\"},\"image\":{\"@id\":\"https:\/\/suknie-loretta.pl\/#\/schema\/logo\/image\/\"}}]}<\/script>\n<!-- \/ Yoast SEO plugin. -->","yoast_head_json":{"title":"wyp Piper - Loretta - Salon sukni \u015blubnych Wroc\u0142aw","robots":{"index":"index","follow":"follow","max-snippet":"max-snippet:-1","max-image-preview":"max-image-preview:large","max-video-preview":"max-video-preview:-1"},"canonical":"https:\/\/suknie-loretta.pl\/?page_id=1239","og_locale":"pl_PL","og_type":"article","og_title":"wyp Piper - Loretta - Salon sukni \u015blubnych Wroc\u0142aw","og_description":"All Who Wander Piper Piper, odwa\u017cn\u0105 i pi\u0119kn\u0105 sukni\u0105 \u015blubn\u0105 w stylu boho Twoich marze\u0144. Prosty, o\u0142\u00f3wkowy kr\u00f3j z delikatnym rozkloszowaniem poni\u017cej bioder tworzy niezwykle seksown\u0105 sylwetk\u0119, zapewniaj\u0105c jednocze\u015bnie swobodny i wygodny charakter, kt\u00f3rego pragniesz w dniu swojego naturalnego \u015blubu. Prosty dekolt ukazuje w\u0105skie wyci\u0119cie z przodu i na \u015brodku, zamaskowane koronkami na ca\u0142ej powierzchni, [&hellip;]","og_url":"https:\/\/suknie-loretta.pl\/?page_id=1239","og_site_name":"Loretta - Salon sukni \u015blubnych Wroc\u0142aw","article_modified_time":"2025-09-08T17:29:53+00:00","og_image":[{"width":1100,"height":1600,"url":"https:\/\/suknie-loretta.pl\/wp-content\/uploads\/2025\/09\/piper-1.jpg","type":"image\/jpeg"}],"twitter_card":"summary_large_image","twitter_misc":{"Szacowany czas czytania":"1 minuta"},"schema":{"@context":"https:\/\/schema.org","@graph":[{"@type":"WebPage","@id":"https:\/\/suknie-loretta.pl\/?page_id=1239","url":"https:\/\/suknie-loretta.pl\/?page_id=1239","name":"wyp Piper - Loretta - Salon sukni \u015blubnych Wroc\u0142aw","isPartOf":{"@id":"https:\/\/suknie-loretta.pl\/#website"},"primaryImageOfPage":{"@id":"https:\/\/suknie-loretta.pl\/?page_id=1239#primaryimage"},"image":{"@id":"https:\/\/suknie-loretta.pl\/?page_id=1239#primaryimage"},"thumbnailUrl":"https:\/\/suknie-loretta.pl\/wp-content\/uploads\/2025\/09\/piper-1-704x1024.jpg","datePublished":"2025-09-08T16:57:55+00:00","dateModified":"2025-09-08T17:29:53+00:00","breadcrumb":{"@id":"https:\/\/suknie-loretta.pl\/?page_id=1239#breadcrumb"},"inLanguage":"pl-PL","potentialAction":[{"@type":"ReadAction","target":["https:\/\/suknie-loretta.pl\/?page_id=1239"]}]},{"@type":"ImageObject","inLanguage":"pl-PL","@id":"https:\/\/suknie-loretta.pl\/?page_id=1239#primaryimage","url":"https:\/\/suknie-loretta.pl\/wp-content\/uploads\/2025\/09\/piper-1.jpg","contentUrl":"https:\/\/suknie-loretta.pl\/wp-content\/uploads\/2025\/09\/piper-1.jpg","width":1100,"height":1600},{"@type":"BreadcrumbList","@id":"https:\/\/suknie-loretta.pl\/?page_id=1239#breadcrumb","itemListElement":[{"@type":"ListItem","position":1,"name":"Home","item":"https:\/\/suknie-loretta.pl\/"},{"@type":"ListItem","position":2,"name":"wyp Piper"}]},{"@type":"WebSite","@id":"https:\/\/suknie-loretta.pl\/#website","url":"https:\/\/suknie-loretta.pl\/","name":"Loretta - Salon sukni \u015blubnych Wroc\u0142aw","description":"Spe\u0142niamy marzenia od 1991 roku!","publisher":{"@id":"https:\/\/suknie-loretta.pl\/#organization"},"potentialAction":[{"@type":"SearchAction","target":{"@type":"EntryPoint","urlTemplate":"https:\/\/suknie-loretta.pl\/?s={search_term_string}"},"query-input":{"@type":"PropertyValueSpecification","valueRequired":true,"valueName":"search_term_string"}}],"inLanguage":"pl-PL"},{"@type":"Organization","@id":"https:\/\/suknie-loretta.pl\/#organization","name":"Loretta - Salon sukni \u015blubnych Wroc\u0142aw","url":"https:\/\/suknie-loretta.pl\/","logo":{"@type":"ImageObject","inLanguage":"pl-PL","@id":"https:\/\/suknie-loretta.pl\/#\/schema\/logo\/image\/","url":"https:\/\/suknie-loretta.pl\/wp-content\/uploads\/2025\/07\/logo-loretta-3.png","contentUrl":"https:\/\/suknie-loretta.pl\/wp-content\/uploads\/2025\/07\/logo-loretta-3.png","width":261,"height":68,"caption":"Loretta - Salon sukni \u015blubnych Wroc\u0142aw"},"image":{"@id":"https:\/\/suknie-loretta.pl\/#\/schema\/logo\/image\/"}}]}},"_links":{"self":[{"href":"https:\/\/suknie-loretta.pl\/index.php?rest_route=\/wp\/v2\/pages\/1239","targetHints":{"allow":["GET"]}}],"collection":[{"href":"https:\/\/suknie-loretta.pl\/index.php?rest_route=\/wp\/v2\/pages"}],"about":[{"href":"https:\/\/suknie-loretta.pl\/index.php?rest_route=\/wp\/v2\/types\/page"}],"author":[{"embeddable":true,"href":"https:\/\/suknie-loretta.pl\/index.php?rest_route=\/wp\/v2\/users\/1"}],"replies":[{"embeddable":true,"href":"https:\/\/suknie-loretta.pl\/index.php?rest_route=%2Fwp%2Fv2%2Fcomments&post=1239"}],"version-history":[{"count":5,"href":"https:\/\/suknie-loretta.pl\/index.php?rest_route=\/wp\/v2\/pages\/1239\/revisions"}],"predecessor-version":[{"id":1261,"href":"https:\/\/suknie-loretta.pl\/index.php?rest_route=\/wp\/v2\/pages\/1239\/revisions\/1261"}],"wp:attachment":[{"href":"https:\/\/suknie-loretta.pl\/index.php?rest_route=%2Fwp%2Fv2%2Fmedia&parent=1239"}],"curies":[{"name":"wp","href":"https:\/\/api.w.org\/{rel}","templated":true}]}}