{"id":1305,"date":"2025-09-08T21:54:33","date_gmt":"2025-09-08T19:54:33","guid":{"rendered":"https:\/\/suknie-loretta.pl\/?page_id=1305"},"modified":"2025-11-05T18:45:34","modified_gmt":"2025-11-05T17:45:34","slug":"wyp-2503","status":"publish","type":"page","link":"https:\/\/suknie-loretta.pl\/?page_id=1305","title":{"rendered":"wyp 2503"},"content":{"rendered":"\n<div class=\"wp-block-media-text is-stacked-on-mobile\"><figure class=\"wp-block-media-text__media\"><img fetchpriority=\"high\" decoding=\"async\" width=\"704\" height=\"1024\" src=\"https:\/\/suknie-loretta.pl\/wp-content\/uploads\/2025\/09\/2503-704x1024.jpg\" alt=\"\" class=\"wp-image-1306 size-full\" srcset=\"https:\/\/suknie-loretta.pl\/wp-content\/uploads\/2025\/09\/2503-704x1024.jpg 704w, https:\/\/suknie-loretta.pl\/wp-content\/uploads\/2025\/09\/2503-206x300.jpg 206w, https:\/\/suknie-loretta.pl\/wp-content\/uploads\/2025\/09\/2503-768x1117.jpg 768w, https:\/\/suknie-loretta.pl\/wp-content\/uploads\/2025\/09\/2503-1056x1536.jpg 1056w, https:\/\/suknie-loretta.pl\/wp-content\/uploads\/2025\/09\/2503.jpg 1100w\" sizes=\"(max-width: 704px) 100vw, 704px\" \/><\/figure><div class=\"wp-block-media-text__content\">\n<h2 class=\"wp-block-heading\">Essense<br><em>model: D2503<\/em><\/h2>\n\n\n\n<p>Minimalizm z pazurem \u2013 suknia \u015blubna od Essense of Australia, kt\u00f3ra emanuje nowoczesn\u0105 elegancj\u0105<\/p>\n\n\n\n<p>Ta wyj\u0105tkowa suknia o dopasowanej sylwetce to po\u0142\u0105czenie prostoty i subtelnego seksapilu. G\u0142\u0119boki dekolt w kszta\u0142cie litery V przyci\u0105ga wzrok i stanowi centralny punkt kreacji, podkre\u015blony efektownymi bocznymi wyci\u0119ciami, kt\u00f3re dodaj\u0105 odrobiny \u015bmia\u0142o\u015bci.<\/p>\n\n\n\n<p>Gorset pokryty graficzn\u0105 koronk\u0105 p\u0142ynnie przechodzi a\u017c do linii bioder, pi\u0119knie modeluj\u0105c sylwetk\u0119 i nadaj\u0105c jej wyrafinowany charakter. Przezroczyste rami\u0105czka delikatnie oplataj\u0105 ramiona, tworz\u0105c z ty\u0142u spektakularny dekolt w serek, ozdobiony koronkowymi aplikacjami, kt\u00f3re dodaj\u0105 romantycznego uroku.<\/p>\n\n\n\n<p>Laserowo ci\u0119ta koronka zdobi doln\u0105 cz\u0119\u015b\u0107 trenu, a subtelne koraliki dodaj\u0105 blasku i dramatyzmu ka\u017cdemu krokowi. Ty\u0142 sukni zapinany jest na ukryty suwak, elegancko wyko\u0144czony rz\u0119dem materia\u0142owych guziczk\u00f3w \u2013 klasyczny detal, kt\u00f3ry podkre\u015bla dba\u0142o\u015b\u0107 o ka\u017cdy szczeg\u00f3\u0142.<\/p>\n<\/div><\/div>\n\n\n\n<figure class=\"wp-block-gallery has-nested-images columns-4 is-cropped wp-block-gallery-1 is-layout-flex wp-block-gallery-is-layout-flex\">\n<figure data-wp-context=\"{&quot;imageId&quot;:&quot;69e21d37cb44b&quot;}\" data-wp-interactive=\"core\/image\" data-wp-key=\"69e21d37cb44b\" class=\"wp-block-image size-large wp-lightbox-container\"><img decoding=\"async\" width=\"704\" height=\"1024\" data-wp-class--hide=\"state.isContentHidden\" data-wp-class--show=\"state.isContentVisible\" data-wp-init=\"callbacks.setButtonStyles\" data-wp-on--click=\"actions.showLightbox\" data-wp-on--load=\"callbacks.setButtonStyles\" data-wp-on-window--resize=\"callbacks.setButtonStyles\" data-id=\"1307\" src=\"https:\/\/suknie-loretta.pl\/wp-content\/uploads\/2025\/09\/2503-002-704x1024.jpg\" alt=\"\" class=\"wp-image-1307\" srcset=\"https:\/\/suknie-loretta.pl\/wp-content\/uploads\/2025\/09\/2503-002-704x1024.jpg 704w, https:\/\/suknie-loretta.pl\/wp-content\/uploads\/2025\/09\/2503-002-206x300.jpg 206w, https:\/\/suknie-loretta.pl\/wp-content\/uploads\/2025\/09\/2503-002-768x1117.jpg 768w, https:\/\/suknie-loretta.pl\/wp-content\/uploads\/2025\/09\/2503-002-1056x1536.jpg 1056w, https:\/\/suknie-loretta.pl\/wp-content\/uploads\/2025\/09\/2503-002.jpg 1100w\" sizes=\"(max-width: 704px) 100vw, 704px\" \/><button\n\t\t\tclass=\"lightbox-trigger\"\n\t\t\ttype=\"button\"\n\t\t\taria-haspopup=\"dialog\"\n\t\t\taria-label=\"Powi\u0119ksz\"\n\t\t\tdata-wp-init=\"callbacks.initTriggerButton\"\n\t\t\tdata-wp-on--click=\"actions.showLightbox\"\n\t\t\tdata-wp-style--right=\"state.imageButtonRight\"\n\t\t\tdata-wp-style--top=\"state.imageButtonTop\"\n\t\t>\n\t\t\t<svg xmlns=\"http:\/\/www.w3.org\/2000\/svg\" width=\"12\" height=\"12\" fill=\"none\" viewBox=\"0 0 12 12\">\n\t\t\t\t<path fill=\"#fff\" d=\"M2 0a2 2 0 0 0-2 2v2h1.5V2a.5.5 0 0 1 .5-.5h2V0H2Zm2 10.5H2a.5.5 0 0 1-.5-.5V8H0v2a2 2 0 0 0 2 2h2v-1.5ZM8 12v-1.5h2a.5.5 0 0 0 .5-.5V8H12v2a2 2 0 0 1-2 2H8Zm2-12a2 2 0 0 1 2 2v2h-1.5V2a.5.5 0 0 0-.5-.5H8V0h2Z\" \/>\n\t\t\t<\/svg>\n\t\t<\/button><\/figure>\n\n\n\n<figure data-wp-context=\"{&quot;imageId&quot;:&quot;69e21d37cbaf0&quot;}\" data-wp-interactive=\"core\/image\" data-wp-key=\"69e21d37cbaf0\" class=\"wp-block-image size-large wp-lightbox-container\"><img decoding=\"async\" width=\"704\" height=\"1024\" data-wp-class--hide=\"state.isContentHidden\" data-wp-class--show=\"state.isContentVisible\" data-wp-init=\"callbacks.setButtonStyles\" data-wp-on--click=\"actions.showLightbox\" data-wp-on--load=\"callbacks.setButtonStyles\" data-wp-on-window--resize=\"callbacks.setButtonStyles\" data-id=\"1308\" src=\"https:\/\/suknie-loretta.pl\/wp-content\/uploads\/2025\/09\/2503-003-704x1024.jpg\" alt=\"\" class=\"wp-image-1308\" srcset=\"https:\/\/suknie-loretta.pl\/wp-content\/uploads\/2025\/09\/2503-003-704x1024.jpg 704w, https:\/\/suknie-loretta.pl\/wp-content\/uploads\/2025\/09\/2503-003-206x300.jpg 206w, https:\/\/suknie-loretta.pl\/wp-content\/uploads\/2025\/09\/2503-003-768x1117.jpg 768w, https:\/\/suknie-loretta.pl\/wp-content\/uploads\/2025\/09\/2503-003-1056x1536.jpg 1056w, https:\/\/suknie-loretta.pl\/wp-content\/uploads\/2025\/09\/2503-003.jpg 1100w\" sizes=\"(max-width: 704px) 100vw, 704px\" \/><button\n\t\t\tclass=\"lightbox-trigger\"\n\t\t\ttype=\"button\"\n\t\t\taria-haspopup=\"dialog\"\n\t\t\taria-label=\"Powi\u0119ksz\"\n\t\t\tdata-wp-init=\"callbacks.initTriggerButton\"\n\t\t\tdata-wp-on--click=\"actions.showLightbox\"\n\t\t\tdata-wp-style--right=\"state.imageButtonRight\"\n\t\t\tdata-wp-style--top=\"state.imageButtonTop\"\n\t\t>\n\t\t\t<svg xmlns=\"http:\/\/www.w3.org\/2000\/svg\" width=\"12\" height=\"12\" fill=\"none\" viewBox=\"0 0 12 12\">\n\t\t\t\t<path fill=\"#fff\" d=\"M2 0a2 2 0 0 0-2 2v2h1.5V2a.5.5 0 0 1 .5-.5h2V0H2Zm2 10.5H2a.5.5 0 0 1-.5-.5V8H0v2a2 2 0 0 0 2 2h2v-1.5ZM8 12v-1.5h2a.5.5 0 0 0 .5-.5V8H12v2a2 2 0 0 1-2 2H8Zm2-12a2 2 0 0 1 2 2v2h-1.5V2a.5.5 0 0 0-.5-.5H8V0h2Z\" \/>\n\t\t\t<\/svg>\n\t\t<\/button><\/figure>\n\n\n\n<figure data-wp-context=\"{&quot;imageId&quot;:&quot;69e21d37cc1a2&quot;}\" data-wp-interactive=\"core\/image\" data-wp-key=\"69e21d37cc1a2\" class=\"wp-block-image size-large wp-lightbox-container\"><img loading=\"lazy\" decoding=\"async\" width=\"704\" height=\"1024\" data-wp-class--hide=\"state.isContentHidden\" data-wp-class--show=\"state.isContentVisible\" data-wp-init=\"callbacks.setButtonStyles\" data-wp-on--click=\"actions.showLightbox\" data-wp-on--load=\"callbacks.setButtonStyles\" data-wp-on-window--resize=\"callbacks.setButtonStyles\" data-id=\"1309\" src=\"https:\/\/suknie-loretta.pl\/wp-content\/uploads\/2025\/09\/2503-004-704x1024.jpg\" alt=\"\" class=\"wp-image-1309\" srcset=\"https:\/\/suknie-loretta.pl\/wp-content\/uploads\/2025\/09\/2503-004-704x1024.jpg 704w, https:\/\/suknie-loretta.pl\/wp-content\/uploads\/2025\/09\/2503-004-206x300.jpg 206w, https:\/\/suknie-loretta.pl\/wp-content\/uploads\/2025\/09\/2503-004-768x1117.jpg 768w, https:\/\/suknie-loretta.pl\/wp-content\/uploads\/2025\/09\/2503-004-1056x1536.jpg 1056w, https:\/\/suknie-loretta.pl\/wp-content\/uploads\/2025\/09\/2503-004.jpg 1100w\" sizes=\"(max-width: 704px) 100vw, 704px\" \/><button\n\t\t\tclass=\"lightbox-trigger\"\n\t\t\ttype=\"button\"\n\t\t\taria-haspopup=\"dialog\"\n\t\t\taria-label=\"Powi\u0119ksz\"\n\t\t\tdata-wp-init=\"callbacks.initTriggerButton\"\n\t\t\tdata-wp-on--click=\"actions.showLightbox\"\n\t\t\tdata-wp-style--right=\"state.imageButtonRight\"\n\t\t\tdata-wp-style--top=\"state.imageButtonTop\"\n\t\t>\n\t\t\t<svg xmlns=\"http:\/\/www.w3.org\/2000\/svg\" width=\"12\" height=\"12\" fill=\"none\" viewBox=\"0 0 12 12\">\n\t\t\t\t<path fill=\"#fff\" d=\"M2 0a2 2 0 0 0-2 2v2h1.5V2a.5.5 0 0 1 .5-.5h2V0H2Zm2 10.5H2a.5.5 0 0 1-.5-.5V8H0v2a2 2 0 0 0 2 2h2v-1.5ZM8 12v-1.5h2a.5.5 0 0 0 .5-.5V8H12v2a2 2 0 0 1-2 2H8Zm2-12a2 2 0 0 1 2 2v2h-1.5V2a.5.5 0 0 0-.5-.5H8V0h2Z\" \/>\n\t\t\t<\/svg>\n\t\t<\/button><\/figure>\n\n\n\n<figure data-wp-context=\"{&quot;imageId&quot;:&quot;69e21d37cc7a7&quot;}\" data-wp-interactive=\"core\/image\" data-wp-key=\"69e21d37cc7a7\" class=\"wp-block-image size-large wp-lightbox-container\"><img loading=\"lazy\" decoding=\"async\" width=\"704\" height=\"1024\" data-wp-class--hide=\"state.isContentHidden\" data-wp-class--show=\"state.isContentVisible\" data-wp-init=\"callbacks.setButtonStyles\" data-wp-on--click=\"actions.showLightbox\" data-wp-on--load=\"callbacks.setButtonStyles\" data-wp-on-window--resize=\"callbacks.setButtonStyles\" data-id=\"1310\" src=\"https:\/\/suknie-loretta.pl\/wp-content\/uploads\/2025\/09\/2503-005-704x1024.jpg\" alt=\"\" class=\"wp-image-1310\" srcset=\"https:\/\/suknie-loretta.pl\/wp-content\/uploads\/2025\/09\/2503-005-704x1024.jpg 704w, https:\/\/suknie-loretta.pl\/wp-content\/uploads\/2025\/09\/2503-005-206x300.jpg 206w, https:\/\/suknie-loretta.pl\/wp-content\/uploads\/2025\/09\/2503-005-768x1117.jpg 768w, https:\/\/suknie-loretta.pl\/wp-content\/uploads\/2025\/09\/2503-005-1056x1536.jpg 1056w, https:\/\/suknie-loretta.pl\/wp-content\/uploads\/2025\/09\/2503-005.jpg 1100w\" sizes=\"(max-width: 704px) 100vw, 704px\" \/><button\n\t\t\tclass=\"lightbox-trigger\"\n\t\t\ttype=\"button\"\n\t\t\taria-haspopup=\"dialog\"\n\t\t\taria-label=\"Powi\u0119ksz\"\n\t\t\tdata-wp-init=\"callbacks.initTriggerButton\"\n\t\t\tdata-wp-on--click=\"actions.showLightbox\"\n\t\t\tdata-wp-style--right=\"state.imageButtonRight\"\n\t\t\tdata-wp-style--top=\"state.imageButtonTop\"\n\t\t>\n\t\t\t<svg xmlns=\"http:\/\/www.w3.org\/2000\/svg\" width=\"12\" height=\"12\" fill=\"none\" viewBox=\"0 0 12 12\">\n\t\t\t\t<path fill=\"#fff\" d=\"M2 0a2 2 0 0 0-2 2v2h1.5V2a.5.5 0 0 1 .5-.5h2V0H2Zm2 10.5H2a.5.5 0 0 1-.5-.5V8H0v2a2 2 0 0 0 2 2h2v-1.5ZM8 12v-1.5h2a.5.5 0 0 0 .5-.5V8H12v2a2 2 0 0 1-2 2H8Zm2-12a2 2 0 0 1 2 2v2h-1.5V2a.5.5 0 0 0-.5-.5H8V0h2Z\" \/>\n\t\t\t<\/svg>\n\t\t<\/button><\/figure>\n<\/figure>\n","protected":false},"excerpt":{"rendered":"<p>Essensemodel: D2503 Minimalizm z pazurem \u2013 suknia \u015blubna od Essense of Australia, kt\u00f3ra emanuje nowoczesn\u0105 elegancj\u0105 Ta wyj\u0105tkowa suknia o dopasowanej sylwetce to po\u0142\u0105czenie prostoty i subtelnego seksapilu. G\u0142\u0119boki dekolt w kszta\u0142cie litery V przyci\u0105ga wzrok i stanowi centralny punkt kreacji, podkre\u015blony efektownymi bocznymi wyci\u0119ciami, kt\u00f3re dodaj\u0105 odrobiny \u015bmia\u0142o\u015bci. Gorset pokryty graficzn\u0105 koronk\u0105 p\u0142ynnie przechodzi [&hellip;]<\/p>\n","protected":false},"author":1,"featured_media":0,"parent":0,"menu_order":0,"comment_status":"closed","ping_status":"closed","template":"","meta":{"footnotes":""},"class_list":["post-1305","page","type-page","status-publish","hentry"],"yoast_head":"<!-- This site is optimized with the Yoast SEO plugin v25.5 - https:\/\/yoast.com\/wordpress\/plugins\/seo\/ -->\n<title>wyp 2503 - Loretta - Salon sukni \u015blubnych Wroc\u0142aw<\/title>\n<meta name=\"robots\" content=\"index, follow, max-snippet:-1, max-image-preview:large, max-video-preview:-1\" \/>\n<link rel=\"canonical\" href=\"https:\/\/suknie-loretta.pl\/?page_id=1305\" \/>\n<meta property=\"og:locale\" content=\"pl_PL\" \/>\n<meta property=\"og:type\" content=\"article\" \/>\n<meta property=\"og:title\" content=\"wyp 2503 - Loretta - Salon sukni \u015blubnych Wroc\u0142aw\" \/>\n<meta property=\"og:description\" content=\"Essensemodel: D2503 Minimalizm z pazurem \u2013 suknia \u015blubna od Essense of Australia, kt\u00f3ra emanuje nowoczesn\u0105 elegancj\u0105 Ta wyj\u0105tkowa suknia o dopasowanej sylwetce to po\u0142\u0105czenie prostoty i subtelnego seksapilu. G\u0142\u0119boki dekolt w kszta\u0142cie litery V przyci\u0105ga wzrok i stanowi centralny punkt kreacji, podkre\u015blony efektownymi bocznymi wyci\u0119ciami, kt\u00f3re dodaj\u0105 odrobiny \u015bmia\u0142o\u015bci. Gorset pokryty graficzn\u0105 koronk\u0105 p\u0142ynnie przechodzi [&hellip;]\" \/>\n<meta property=\"og:url\" content=\"https:\/\/suknie-loretta.pl\/?page_id=1305\" \/>\n<meta property=\"og:site_name\" content=\"Loretta - Salon sukni \u015blubnych Wroc\u0142aw\" \/>\n<meta property=\"article:modified_time\" content=\"2025-11-05T17:45:34+00:00\" \/>\n<meta property=\"og:image\" content=\"https:\/\/suknie-loretta.pl\/wp-content\/uploads\/2025\/09\/2503.jpg\" \/>\n\t<meta property=\"og:image:width\" content=\"1100\" \/>\n\t<meta property=\"og:image:height\" content=\"1600\" \/>\n\t<meta property=\"og:image:type\" content=\"image\/jpeg\" \/>\n<meta name=\"twitter:card\" content=\"summary_large_image\" \/>\n<meta name=\"twitter:label1\" content=\"Szacowany czas czytania\" \/>\n\t<meta name=\"twitter:data1\" content=\"1 minuta\" \/>\n<script type=\"application\/ld+json\" class=\"yoast-schema-graph\">{\"@context\":\"https:\/\/schema.org\",\"@graph\":[{\"@type\":\"WebPage\",\"@id\":\"https:\/\/suknie-loretta.pl\/?page_id=1305\",\"url\":\"https:\/\/suknie-loretta.pl\/?page_id=1305\",\"name\":\"wyp 2503 - Loretta - Salon sukni \u015blubnych Wroc\u0142aw\",\"isPartOf\":{\"@id\":\"https:\/\/suknie-loretta.pl\/#website\"},\"primaryImageOfPage\":{\"@id\":\"https:\/\/suknie-loretta.pl\/?page_id=1305#primaryimage\"},\"image\":{\"@id\":\"https:\/\/suknie-loretta.pl\/?page_id=1305#primaryimage\"},\"thumbnailUrl\":\"https:\/\/suknie-loretta.pl\/wp-content\/uploads\/2025\/09\/2503-704x1024.jpg\",\"datePublished\":\"2025-09-08T19:54:33+00:00\",\"dateModified\":\"2025-11-05T17:45:34+00:00\",\"breadcrumb\":{\"@id\":\"https:\/\/suknie-loretta.pl\/?page_id=1305#breadcrumb\"},\"inLanguage\":\"pl-PL\",\"potentialAction\":[{\"@type\":\"ReadAction\",\"target\":[\"https:\/\/suknie-loretta.pl\/?page_id=1305\"]}]},{\"@type\":\"ImageObject\",\"inLanguage\":\"pl-PL\",\"@id\":\"https:\/\/suknie-loretta.pl\/?page_id=1305#primaryimage\",\"url\":\"https:\/\/suknie-loretta.pl\/wp-content\/uploads\/2025\/09\/2503.jpg\",\"contentUrl\":\"https:\/\/suknie-loretta.pl\/wp-content\/uploads\/2025\/09\/2503.jpg\",\"width\":1100,\"height\":1600},{\"@type\":\"BreadcrumbList\",\"@id\":\"https:\/\/suknie-loretta.pl\/?page_id=1305#breadcrumb\",\"itemListElement\":[{\"@type\":\"ListItem\",\"position\":1,\"name\":\"Home\",\"item\":\"https:\/\/suknie-loretta.pl\/\"},{\"@type\":\"ListItem\",\"position\":2,\"name\":\"wyp 2503\"}]},{\"@type\":\"WebSite\",\"@id\":\"https:\/\/suknie-loretta.pl\/#website\",\"url\":\"https:\/\/suknie-loretta.pl\/\",\"name\":\"Loretta - Salon sukni \u015blubnych Wroc\u0142aw\",\"description\":\"Spe\u0142niamy marzenia od 1991 roku!\",\"publisher\":{\"@id\":\"https:\/\/suknie-loretta.pl\/#organization\"},\"potentialAction\":[{\"@type\":\"SearchAction\",\"target\":{\"@type\":\"EntryPoint\",\"urlTemplate\":\"https:\/\/suknie-loretta.pl\/?s={search_term_string}\"},\"query-input\":{\"@type\":\"PropertyValueSpecification\",\"valueRequired\":true,\"valueName\":\"search_term_string\"}}],\"inLanguage\":\"pl-PL\"},{\"@type\":\"Organization\",\"@id\":\"https:\/\/suknie-loretta.pl\/#organization\",\"name\":\"Loretta - Salon sukni \u015blubnych Wroc\u0142aw\",\"url\":\"https:\/\/suknie-loretta.pl\/\",\"logo\":{\"@type\":\"ImageObject\",\"inLanguage\":\"pl-PL\",\"@id\":\"https:\/\/suknie-loretta.pl\/#\/schema\/logo\/image\/\",\"url\":\"https:\/\/suknie-loretta.pl\/wp-content\/uploads\/2025\/07\/logo-loretta-3.png\",\"contentUrl\":\"https:\/\/suknie-loretta.pl\/wp-content\/uploads\/2025\/07\/logo-loretta-3.png\",\"width\":261,\"height\":68,\"caption\":\"Loretta - Salon sukni \u015blubnych Wroc\u0142aw\"},\"image\":{\"@id\":\"https:\/\/suknie-loretta.pl\/#\/schema\/logo\/image\/\"}}]}<\/script>\n<!-- \/ Yoast SEO plugin. -->","yoast_head_json":{"title":"wyp 2503 - Loretta - Salon sukni \u015blubnych Wroc\u0142aw","robots":{"index":"index","follow":"follow","max-snippet":"max-snippet:-1","max-image-preview":"max-image-preview:large","max-video-preview":"max-video-preview:-1"},"canonical":"https:\/\/suknie-loretta.pl\/?page_id=1305","og_locale":"pl_PL","og_type":"article","og_title":"wyp 2503 - Loretta - Salon sukni \u015blubnych Wroc\u0142aw","og_description":"Essensemodel: D2503 Minimalizm z pazurem \u2013 suknia \u015blubna od Essense of Australia, kt\u00f3ra emanuje nowoczesn\u0105 elegancj\u0105 Ta wyj\u0105tkowa suknia o dopasowanej sylwetce to po\u0142\u0105czenie prostoty i subtelnego seksapilu. G\u0142\u0119boki dekolt w kszta\u0142cie litery V przyci\u0105ga wzrok i stanowi centralny punkt kreacji, podkre\u015blony efektownymi bocznymi wyci\u0119ciami, kt\u00f3re dodaj\u0105 odrobiny \u015bmia\u0142o\u015bci. Gorset pokryty graficzn\u0105 koronk\u0105 p\u0142ynnie przechodzi [&hellip;]","og_url":"https:\/\/suknie-loretta.pl\/?page_id=1305","og_site_name":"Loretta - Salon sukni \u015blubnych Wroc\u0142aw","article_modified_time":"2025-11-05T17:45:34+00:00","og_image":[{"width":1100,"height":1600,"url":"https:\/\/suknie-loretta.pl\/wp-content\/uploads\/2025\/09\/2503.jpg","type":"image\/jpeg"}],"twitter_card":"summary_large_image","twitter_misc":{"Szacowany czas czytania":"1 minuta"},"schema":{"@context":"https:\/\/schema.org","@graph":[{"@type":"WebPage","@id":"https:\/\/suknie-loretta.pl\/?page_id=1305","url":"https:\/\/suknie-loretta.pl\/?page_id=1305","name":"wyp 2503 - Loretta - Salon sukni \u015blubnych Wroc\u0142aw","isPartOf":{"@id":"https:\/\/suknie-loretta.pl\/#website"},"primaryImageOfPage":{"@id":"https:\/\/suknie-loretta.pl\/?page_id=1305#primaryimage"},"image":{"@id":"https:\/\/suknie-loretta.pl\/?page_id=1305#primaryimage"},"thumbnailUrl":"https:\/\/suknie-loretta.pl\/wp-content\/uploads\/2025\/09\/2503-704x1024.jpg","datePublished":"2025-09-08T19:54:33+00:00","dateModified":"2025-11-05T17:45:34+00:00","breadcrumb":{"@id":"https:\/\/suknie-loretta.pl\/?page_id=1305#breadcrumb"},"inLanguage":"pl-PL","potentialAction":[{"@type":"ReadAction","target":["https:\/\/suknie-loretta.pl\/?page_id=1305"]}]},{"@type":"ImageObject","inLanguage":"pl-PL","@id":"https:\/\/suknie-loretta.pl\/?page_id=1305#primaryimage","url":"https:\/\/suknie-loretta.pl\/wp-content\/uploads\/2025\/09\/2503.jpg","contentUrl":"https:\/\/suknie-loretta.pl\/wp-content\/uploads\/2025\/09\/2503.jpg","width":1100,"height":1600},{"@type":"BreadcrumbList","@id":"https:\/\/suknie-loretta.pl\/?page_id=1305#breadcrumb","itemListElement":[{"@type":"ListItem","position":1,"name":"Home","item":"https:\/\/suknie-loretta.pl\/"},{"@type":"ListItem","position":2,"name":"wyp 2503"}]},{"@type":"WebSite","@id":"https:\/\/suknie-loretta.pl\/#website","url":"https:\/\/suknie-loretta.pl\/","name":"Loretta - Salon sukni \u015blubnych Wroc\u0142aw","description":"Spe\u0142niamy marzenia od 1991 roku!","publisher":{"@id":"https:\/\/suknie-loretta.pl\/#organization"},"potentialAction":[{"@type":"SearchAction","target":{"@type":"EntryPoint","urlTemplate":"https:\/\/suknie-loretta.pl\/?s={search_term_string}"},"query-input":{"@type":"PropertyValueSpecification","valueRequired":true,"valueName":"search_term_string"}}],"inLanguage":"pl-PL"},{"@type":"Organization","@id":"https:\/\/suknie-loretta.pl\/#organization","name":"Loretta - Salon sukni \u015blubnych Wroc\u0142aw","url":"https:\/\/suknie-loretta.pl\/","logo":{"@type":"ImageObject","inLanguage":"pl-PL","@id":"https:\/\/suknie-loretta.pl\/#\/schema\/logo\/image\/","url":"https:\/\/suknie-loretta.pl\/wp-content\/uploads\/2025\/07\/logo-loretta-3.png","contentUrl":"https:\/\/suknie-loretta.pl\/wp-content\/uploads\/2025\/07\/logo-loretta-3.png","width":261,"height":68,"caption":"Loretta - Salon sukni \u015blubnych Wroc\u0142aw"},"image":{"@id":"https:\/\/suknie-loretta.pl\/#\/schema\/logo\/image\/"}}]}},"_links":{"self":[{"href":"https:\/\/suknie-loretta.pl\/index.php?rest_route=\/wp\/v2\/pages\/1305","targetHints":{"allow":["GET"]}}],"collection":[{"href":"https:\/\/suknie-loretta.pl\/index.php?rest_route=\/wp\/v2\/pages"}],"about":[{"href":"https:\/\/suknie-loretta.pl\/index.php?rest_route=\/wp\/v2\/types\/page"}],"author":[{"embeddable":true,"href":"https:\/\/suknie-loretta.pl\/index.php?rest_route=\/wp\/v2\/users\/1"}],"replies":[{"embeddable":true,"href":"https:\/\/suknie-loretta.pl\/index.php?rest_route=%2Fwp%2Fv2%2Fcomments&post=1305"}],"version-history":[{"count":2,"href":"https:\/\/suknie-loretta.pl\/index.php?rest_route=\/wp\/v2\/pages\/1305\/revisions"}],"predecessor-version":[{"id":1424,"href":"https:\/\/suknie-loretta.pl\/index.php?rest_route=\/wp\/v2\/pages\/1305\/revisions\/1424"}],"wp:attachment":[{"href":"https:\/\/suknie-loretta.pl\/index.php?rest_route=%2Fwp%2Fv2%2Fmedia&parent=1305"}],"curies":[{"name":"wp","href":"https:\/\/api.w.org\/{rel}","templated":true}]}}