{"id":1375,"date":"2025-10-08T22:29:14","date_gmt":"2025-10-08T20:29:14","guid":{"rendered":"https:\/\/suknie-loretta.pl\/?page_id=1375"},"modified":"2025-10-08T22:29:14","modified_gmt":"2025-10-08T20:29:14","slug":"massima-107","status":"publish","type":"page","link":"https:\/\/suknie-loretta.pl\/?page_id=1375","title":{"rendered":"MASSIMA 107"},"content":{"rendered":"\n<div class=\"wp-block-columns is-layout-flex wp-container-core-columns-is-layout-28f84493 wp-block-columns-is-layout-flex\">\n<div class=\"wp-block-column is-layout-flow wp-block-column-is-layout-flow\">\n<figure data-wp-context=\"{&quot;imageId&quot;:&quot;69e21cf3094a9&quot;}\" data-wp-interactive=\"core\/image\" data-wp-key=\"69e21cf3094a9\" class=\"wp-block-image size-large wp-lightbox-container\"><img fetchpriority=\"high\" decoding=\"async\" width=\"704\" height=\"1024\" data-wp-class--hide=\"state.isContentHidden\" data-wp-class--show=\"state.isContentVisible\" data-wp-init=\"callbacks.setButtonStyles\" data-wp-on--click=\"actions.showLightbox\" data-wp-on--load=\"callbacks.setButtonStyles\" data-wp-on-window--resize=\"callbacks.setButtonStyles\" src=\"https:\/\/suknie-loretta.pl\/wp-content\/uploads\/2025\/10\/001-3-704x1024.jpg\" alt=\"MASSIMA 107\" class=\"wp-image-1340\" srcset=\"https:\/\/suknie-loretta.pl\/wp-content\/uploads\/2025\/10\/001-3-704x1024.jpg 704w, https:\/\/suknie-loretta.pl\/wp-content\/uploads\/2025\/10\/001-3-206x300.jpg 206w, https:\/\/suknie-loretta.pl\/wp-content\/uploads\/2025\/10\/001-3-768x1117.jpg 768w, https:\/\/suknie-loretta.pl\/wp-content\/uploads\/2025\/10\/001-3-1056x1536.jpg 1056w, https:\/\/suknie-loretta.pl\/wp-content\/uploads\/2025\/10\/001-3.jpg 1100w\" sizes=\"(max-width: 704px) 100vw, 704px\" \/><button\n\t\t\tclass=\"lightbox-trigger\"\n\t\t\ttype=\"button\"\n\t\t\taria-haspopup=\"dialog\"\n\t\t\taria-label=\"Powi\u0119ksz\"\n\t\t\tdata-wp-init=\"callbacks.initTriggerButton\"\n\t\t\tdata-wp-on--click=\"actions.showLightbox\"\n\t\t\tdata-wp-style--right=\"state.imageButtonRight\"\n\t\t\tdata-wp-style--top=\"state.imageButtonTop\"\n\t\t>\n\t\t\t<svg xmlns=\"http:\/\/www.w3.org\/2000\/svg\" width=\"12\" height=\"12\" fill=\"none\" viewBox=\"0 0 12 12\">\n\t\t\t\t<path fill=\"#fff\" d=\"M2 0a2 2 0 0 0-2 2v2h1.5V2a.5.5 0 0 1 .5-.5h2V0H2Zm2 10.5H2a.5.5 0 0 1-.5-.5V8H0v2a2 2 0 0 0 2 2h2v-1.5ZM8 12v-1.5h2a.5.5 0 0 0 .5-.5V8H12v2a2 2 0 0 1-2 2H8Zm2-12a2 2 0 0 1 2 2v2h-1.5V2a.5.5 0 0 0-.5-.5H8V0h2Z\" \/>\n\t\t\t<\/svg>\n\t\t<\/button><\/figure>\n<\/div>\n\n\n\n<div class=\"wp-block-column is-layout-flow wp-block-column-is-layout-flow\">\n<h2 class=\"wp-block-heading\">MASSIMA model 107<\/h2>\n\n\n\n<p>Model 107 z kolekcji Massima to kreacja stworzona dla panny m\u0142odej, kt\u00f3ra pragnie po\u0142\u0105czenia klasycznej elegancji z wygod\u0105 i subteln\u0105 nowoczesno\u015bci\u0105. Suknia emanuje delikatno\u015bci\u0105 i kobiecym wdzi\u0119kiem, zachowuj\u0105c przy tym ponadczasowy styl.<\/p>\n\n\n\n<p>G\u00f3ra: Gorset dopasowany, podkre\u015blaj\u0105cy biust i tali\u0119, zapewnia stabilno\u015b\u0107 i komfort. Dekolt \u2013 czy to w kszta\u0142cie serca, karo, \u0142\u00f3dki \u2013 nadaje surowo\u015bci lub romantyzmu w zale\u017cno\u015bci od wyko\u0144czenia. Mo\u017ce by\u0107 ozdobiony delikatn\u0105 koronk\u0105, haftem, aplikacjami lub zdobieniami b\u0142yszcz\u0105cymi, je\u015bli producent takie przewidzia\u0142.<\/p>\n\n\n\n<p>Talia: Optymalnie zaznaczona, gwarantuj\u0105ca efekt \u201cklepsydry\u201d, co pozwala sylwetce prezentowa\u0107 si\u0119 proporcjonalnie. W modelu 107 talia podkre\u015blona jest ci\u0119ciami lub przeszyciami, kt\u00f3re dodaj\u0105 struktury i lekko modeluj\u0105 sylwetk\u0119.<\/p>\n\n\n\n<p>D\u00f3\u0142 i sp\u00f3dnica: Rozkloszowany d\u00f3\u0142 nadaje sukni lekko\u015bci i zwiewno\u015bci. Warstwy tiulu \/ lekkiego materia\u0142u mog\u0105 subtelnie si\u0119 uk\u0142ada\u0107, daj\u0105c efekt delikatnego ruchu przy ka\u017cdym kroku. Je\u015bli sukienka posiada tren \u2013 jego obecno\u015b\u0107 dodaje szyku, idealnie sprawdzi si\u0119 przy ceremonii, fotografii czy wej\u015bciu do ko\u015bcio\u0142a lub urz\u0119du.<\/p>\n\n\n\n<p>Og\u00f3lny efekt: Model 107 to sukienka dla kobiety, kt\u00f3ra chce czu\u0107 si\u0119 zar\u00f3wno wyj\u0105tkowo, jak i komfortowo. Po\u0142\u0105czenie klasyki i delikatnych detali sprawia, \u017ce sukienka nadaje si\u0119 do ceremonii w ko\u015bciele, plenerze, ale tak\u017ce w eleganckiej sali. Model 107 idealnie komponuje si\u0119 z minimalistyczn\u0105 bi\u017cuteri\u0105, welonem lub dodatkami w stylu glamur \u2013 zale\u017cnie od Twojego gustu.<\/p>\n<\/div>\n<\/div>\n\n\n\n<figure class=\"wp-block-gallery has-nested-images columns-default is-cropped wp-block-gallery-1 is-layout-flex wp-block-gallery-is-layout-flex\">\n<figure data-wp-context=\"{&quot;imageId&quot;:&quot;69e21cf30a7d8&quot;}\" data-wp-interactive=\"core\/image\" data-wp-key=\"69e21cf30a7d8\" class=\"wp-block-image size-large wp-lightbox-container\"><img decoding=\"async\" width=\"704\" height=\"1024\" data-wp-class--hide=\"state.isContentHidden\" data-wp-class--show=\"state.isContentVisible\" data-wp-init=\"callbacks.setButtonStyles\" data-wp-on--click=\"actions.showLightbox\" data-wp-on--load=\"callbacks.setButtonStyles\" data-wp-on-window--resize=\"callbacks.setButtonStyles\" data-id=\"1377\" src=\"https:\/\/suknie-loretta.pl\/wp-content\/uploads\/2025\/10\/002-3-704x1024.jpg\" alt=\"\" class=\"wp-image-1377\" srcset=\"https:\/\/suknie-loretta.pl\/wp-content\/uploads\/2025\/10\/002-3-704x1024.jpg 704w, https:\/\/suknie-loretta.pl\/wp-content\/uploads\/2025\/10\/002-3-206x300.jpg 206w, https:\/\/suknie-loretta.pl\/wp-content\/uploads\/2025\/10\/002-3-768x1117.jpg 768w, https:\/\/suknie-loretta.pl\/wp-content\/uploads\/2025\/10\/002-3-1056x1536.jpg 1056w, https:\/\/suknie-loretta.pl\/wp-content\/uploads\/2025\/10\/002-3.jpg 1100w\" sizes=\"(max-width: 704px) 100vw, 704px\" \/><button\n\t\t\tclass=\"lightbox-trigger\"\n\t\t\ttype=\"button\"\n\t\t\taria-haspopup=\"dialog\"\n\t\t\taria-label=\"Powi\u0119ksz\"\n\t\t\tdata-wp-init=\"callbacks.initTriggerButton\"\n\t\t\tdata-wp-on--click=\"actions.showLightbox\"\n\t\t\tdata-wp-style--right=\"state.imageButtonRight\"\n\t\t\tdata-wp-style--top=\"state.imageButtonTop\"\n\t\t>\n\t\t\t<svg xmlns=\"http:\/\/www.w3.org\/2000\/svg\" width=\"12\" height=\"12\" fill=\"none\" viewBox=\"0 0 12 12\">\n\t\t\t\t<path fill=\"#fff\" d=\"M2 0a2 2 0 0 0-2 2v2h1.5V2a.5.5 0 0 1 .5-.5h2V0H2Zm2 10.5H2a.5.5 0 0 1-.5-.5V8H0v2a2 2 0 0 0 2 2h2v-1.5ZM8 12v-1.5h2a.5.5 0 0 0 .5-.5V8H12v2a2 2 0 0 1-2 2H8Zm2-12a2 2 0 0 1 2 2v2h-1.5V2a.5.5 0 0 0-.5-.5H8V0h2Z\" \/>\n\t\t\t<\/svg>\n\t\t<\/button><\/figure>\n\n\n\n<figure data-wp-context=\"{&quot;imageId&quot;:&quot;69e21cf30ac90&quot;}\" data-wp-interactive=\"core\/image\" data-wp-key=\"69e21cf30ac90\" class=\"wp-block-image size-large wp-lightbox-container\"><img decoding=\"async\" width=\"704\" height=\"1024\" data-wp-class--hide=\"state.isContentHidden\" data-wp-class--show=\"state.isContentVisible\" data-wp-init=\"callbacks.setButtonStyles\" data-wp-on--click=\"actions.showLightbox\" data-wp-on--load=\"callbacks.setButtonStyles\" data-wp-on-window--resize=\"callbacks.setButtonStyles\" data-id=\"1376\" src=\"https:\/\/suknie-loretta.pl\/wp-content\/uploads\/2025\/10\/003-3-704x1024.jpg\" alt=\"\" class=\"wp-image-1376\" srcset=\"https:\/\/suknie-loretta.pl\/wp-content\/uploads\/2025\/10\/003-3-704x1024.jpg 704w, https:\/\/suknie-loretta.pl\/wp-content\/uploads\/2025\/10\/003-3-206x300.jpg 206w, https:\/\/suknie-loretta.pl\/wp-content\/uploads\/2025\/10\/003-3-768x1117.jpg 768w, https:\/\/suknie-loretta.pl\/wp-content\/uploads\/2025\/10\/003-3-1056x1536.jpg 1056w, https:\/\/suknie-loretta.pl\/wp-content\/uploads\/2025\/10\/003-3.jpg 1100w\" sizes=\"(max-width: 704px) 100vw, 704px\" \/><button\n\t\t\tclass=\"lightbox-trigger\"\n\t\t\ttype=\"button\"\n\t\t\taria-haspopup=\"dialog\"\n\t\t\taria-label=\"Powi\u0119ksz\"\n\t\t\tdata-wp-init=\"callbacks.initTriggerButton\"\n\t\t\tdata-wp-on--click=\"actions.showLightbox\"\n\t\t\tdata-wp-style--right=\"state.imageButtonRight\"\n\t\t\tdata-wp-style--top=\"state.imageButtonTop\"\n\t\t>\n\t\t\t<svg xmlns=\"http:\/\/www.w3.org\/2000\/svg\" width=\"12\" height=\"12\" fill=\"none\" viewBox=\"0 0 12 12\">\n\t\t\t\t<path fill=\"#fff\" d=\"M2 0a2 2 0 0 0-2 2v2h1.5V2a.5.5 0 0 1 .5-.5h2V0H2Zm2 10.5H2a.5.5 0 0 1-.5-.5V8H0v2a2 2 0 0 0 2 2h2v-1.5ZM8 12v-1.5h2a.5.5 0 0 0 .5-.5V8H12v2a2 2 0 0 1-2 2H8Zm2-12a2 2 0 0 1 2 2v2h-1.5V2a.5.5 0 0 0-.5-.5H8V0h2Z\" \/>\n\t\t\t<\/svg>\n\t\t<\/button><\/figure>\n\n\n\n<figure data-wp-context=\"{&quot;imageId&quot;:&quot;69e21cf30b17c&quot;}\" data-wp-interactive=\"core\/image\" data-wp-key=\"69e21cf30b17c\" class=\"wp-block-image size-large wp-lightbox-container\"><img loading=\"lazy\" decoding=\"async\" width=\"704\" height=\"1024\" data-wp-class--hide=\"state.isContentHidden\" data-wp-class--show=\"state.isContentVisible\" data-wp-init=\"callbacks.setButtonStyles\" data-wp-on--click=\"actions.showLightbox\" data-wp-on--load=\"callbacks.setButtonStyles\" data-wp-on-window--resize=\"callbacks.setButtonStyles\" data-id=\"1378\" src=\"https:\/\/suknie-loretta.pl\/wp-content\/uploads\/2025\/10\/004-3-704x1024.jpg\" alt=\"\" class=\"wp-image-1378\" srcset=\"https:\/\/suknie-loretta.pl\/wp-content\/uploads\/2025\/10\/004-3-704x1024.jpg 704w, https:\/\/suknie-loretta.pl\/wp-content\/uploads\/2025\/10\/004-3-206x300.jpg 206w, https:\/\/suknie-loretta.pl\/wp-content\/uploads\/2025\/10\/004-3-768x1117.jpg 768w, https:\/\/suknie-loretta.pl\/wp-content\/uploads\/2025\/10\/004-3-1056x1536.jpg 1056w, https:\/\/suknie-loretta.pl\/wp-content\/uploads\/2025\/10\/004-3.jpg 1100w\" sizes=\"(max-width: 704px) 100vw, 704px\" \/><button\n\t\t\tclass=\"lightbox-trigger\"\n\t\t\ttype=\"button\"\n\t\t\taria-haspopup=\"dialog\"\n\t\t\taria-label=\"Powi\u0119ksz\"\n\t\t\tdata-wp-init=\"callbacks.initTriggerButton\"\n\t\t\tdata-wp-on--click=\"actions.showLightbox\"\n\t\t\tdata-wp-style--right=\"state.imageButtonRight\"\n\t\t\tdata-wp-style--top=\"state.imageButtonTop\"\n\t\t>\n\t\t\t<svg xmlns=\"http:\/\/www.w3.org\/2000\/svg\" width=\"12\" height=\"12\" fill=\"none\" viewBox=\"0 0 12 12\">\n\t\t\t\t<path fill=\"#fff\" d=\"M2 0a2 2 0 0 0-2 2v2h1.5V2a.5.5 0 0 1 .5-.5h2V0H2Zm2 10.5H2a.5.5 0 0 1-.5-.5V8H0v2a2 2 0 0 0 2 2h2v-1.5ZM8 12v-1.5h2a.5.5 0 0 0 .5-.5V8H12v2a2 2 0 0 1-2 2H8Zm2-12a2 2 0 0 1 2 2v2h-1.5V2a.5.5 0 0 0-.5-.5H8V0h2Z\" \/>\n\t\t\t<\/svg>\n\t\t<\/button><\/figure>\n\n\n\n<figure data-wp-context=\"{&quot;imageId&quot;:&quot;69e21cf30b66a&quot;}\" data-wp-interactive=\"core\/image\" data-wp-key=\"69e21cf30b66a\" class=\"wp-block-image size-large wp-lightbox-container\"><img loading=\"lazy\" decoding=\"async\" width=\"704\" height=\"1024\" data-wp-class--hide=\"state.isContentHidden\" data-wp-class--show=\"state.isContentVisible\" data-wp-init=\"callbacks.setButtonStyles\" data-wp-on--click=\"actions.showLightbox\" data-wp-on--load=\"callbacks.setButtonStyles\" data-wp-on-window--resize=\"callbacks.setButtonStyles\" data-id=\"1379\" src=\"https:\/\/suknie-loretta.pl\/wp-content\/uploads\/2025\/10\/005-3-704x1024.jpg\" alt=\"\" class=\"wp-image-1379\" srcset=\"https:\/\/suknie-loretta.pl\/wp-content\/uploads\/2025\/10\/005-3-704x1024.jpg 704w, https:\/\/suknie-loretta.pl\/wp-content\/uploads\/2025\/10\/005-3-206x300.jpg 206w, https:\/\/suknie-loretta.pl\/wp-content\/uploads\/2025\/10\/005-3-768x1117.jpg 768w, https:\/\/suknie-loretta.pl\/wp-content\/uploads\/2025\/10\/005-3-1056x1536.jpg 1056w, https:\/\/suknie-loretta.pl\/wp-content\/uploads\/2025\/10\/005-3.jpg 1100w\" sizes=\"(max-width: 704px) 100vw, 704px\" \/><button\n\t\t\tclass=\"lightbox-trigger\"\n\t\t\ttype=\"button\"\n\t\t\taria-haspopup=\"dialog\"\n\t\t\taria-label=\"Powi\u0119ksz\"\n\t\t\tdata-wp-init=\"callbacks.initTriggerButton\"\n\t\t\tdata-wp-on--click=\"actions.showLightbox\"\n\t\t\tdata-wp-style--right=\"state.imageButtonRight\"\n\t\t\tdata-wp-style--top=\"state.imageButtonTop\"\n\t\t>\n\t\t\t<svg xmlns=\"http:\/\/www.w3.org\/2000\/svg\" width=\"12\" height=\"12\" fill=\"none\" viewBox=\"0 0 12 12\">\n\t\t\t\t<path fill=\"#fff\" d=\"M2 0a2 2 0 0 0-2 2v2h1.5V2a.5.5 0 0 1 .5-.5h2V0H2Zm2 10.5H2a.5.5 0 0 1-.5-.5V8H0v2a2 2 0 0 0 2 2h2v-1.5ZM8 12v-1.5h2a.5.5 0 0 0 .5-.5V8H12v2a2 2 0 0 1-2 2H8Zm2-12a2 2 0 0 1 2 2v2h-1.5V2a.5.5 0 0 0-.5-.5H8V0h2Z\" \/>\n\t\t\t<\/svg>\n\t\t<\/button><\/figure>\n\n\n\n<figure data-wp-context=\"{&quot;imageId&quot;:&quot;69e21cf30bb99&quot;}\" data-wp-interactive=\"core\/image\" data-wp-key=\"69e21cf30bb99\" class=\"wp-block-image size-large wp-lightbox-container\"><img loading=\"lazy\" decoding=\"async\" width=\"704\" height=\"1024\" data-wp-class--hide=\"state.isContentHidden\" data-wp-class--show=\"state.isContentVisible\" data-wp-init=\"callbacks.setButtonStyles\" data-wp-on--click=\"actions.showLightbox\" data-wp-on--load=\"callbacks.setButtonStyles\" data-wp-on-window--resize=\"callbacks.setButtonStyles\" data-id=\"1380\" src=\"https:\/\/suknie-loretta.pl\/wp-content\/uploads\/2025\/10\/006-2-704x1024.jpg\" alt=\"\" class=\"wp-image-1380\" srcset=\"https:\/\/suknie-loretta.pl\/wp-content\/uploads\/2025\/10\/006-2-704x1024.jpg 704w, https:\/\/suknie-loretta.pl\/wp-content\/uploads\/2025\/10\/006-2-206x300.jpg 206w, https:\/\/suknie-loretta.pl\/wp-content\/uploads\/2025\/10\/006-2-768x1117.jpg 768w, https:\/\/suknie-loretta.pl\/wp-content\/uploads\/2025\/10\/006-2-1056x1536.jpg 1056w, https:\/\/suknie-loretta.pl\/wp-content\/uploads\/2025\/10\/006-2.jpg 1100w\" sizes=\"(max-width: 704px) 100vw, 704px\" \/><button\n\t\t\tclass=\"lightbox-trigger\"\n\t\t\ttype=\"button\"\n\t\t\taria-haspopup=\"dialog\"\n\t\t\taria-label=\"Powi\u0119ksz\"\n\t\t\tdata-wp-init=\"callbacks.initTriggerButton\"\n\t\t\tdata-wp-on--click=\"actions.showLightbox\"\n\t\t\tdata-wp-style--right=\"state.imageButtonRight\"\n\t\t\tdata-wp-style--top=\"state.imageButtonTop\"\n\t\t>\n\t\t\t<svg xmlns=\"http:\/\/www.w3.org\/2000\/svg\" width=\"12\" height=\"12\" fill=\"none\" viewBox=\"0 0 12 12\">\n\t\t\t\t<path fill=\"#fff\" d=\"M2 0a2 2 0 0 0-2 2v2h1.5V2a.5.5 0 0 1 .5-.5h2V0H2Zm2 10.5H2a.5.5 0 0 1-.5-.5V8H0v2a2 2 0 0 0 2 2h2v-1.5ZM8 12v-1.5h2a.5.5 0 0 0 .5-.5V8H12v2a2 2 0 0 1-2 2H8Zm2-12a2 2 0 0 1 2 2v2h-1.5V2a.5.5 0 0 0-.5-.5H8V0h2Z\" \/>\n\t\t\t<\/svg>\n\t\t<\/button><\/figure>\n<\/figure>\n","protected":false},"excerpt":{"rendered":"<p>MASSIMA model 107 Model 107 z kolekcji Massima to kreacja stworzona dla panny m\u0142odej, kt\u00f3ra pragnie po\u0142\u0105czenia klasycznej elegancji z wygod\u0105 i subteln\u0105 nowoczesno\u015bci\u0105. Suknia emanuje delikatno\u015bci\u0105 i kobiecym wdzi\u0119kiem, zachowuj\u0105c przy tym ponadczasowy styl. G\u00f3ra: Gorset dopasowany, podkre\u015blaj\u0105cy biust i tali\u0119, zapewnia stabilno\u015b\u0107 i komfort. Dekolt \u2013 czy to w kszta\u0142cie serca, karo, \u0142\u00f3dki [&hellip;]<\/p>\n","protected":false},"author":1,"featured_media":0,"parent":0,"menu_order":0,"comment_status":"closed","ping_status":"closed","template":"","meta":{"footnotes":""},"class_list":["post-1375","page","type-page","status-publish","hentry"],"yoast_head":"<!-- This site is optimized with the Yoast SEO plugin v25.5 - https:\/\/yoast.com\/wordpress\/plugins\/seo\/ -->\n<title>MASSIMA 107 - Loretta - Salon sukni \u015blubnych Wroc\u0142aw<\/title>\n<meta name=\"robots\" content=\"index, follow, max-snippet:-1, max-image-preview:large, max-video-preview:-1\" \/>\n<link rel=\"canonical\" href=\"https:\/\/suknie-loretta.pl\/?page_id=1375\" \/>\n<meta property=\"og:locale\" content=\"pl_PL\" \/>\n<meta property=\"og:type\" content=\"article\" \/>\n<meta property=\"og:title\" content=\"MASSIMA 107 - Loretta - Salon sukni \u015blubnych Wroc\u0142aw\" \/>\n<meta property=\"og:description\" content=\"MASSIMA model 107 Model 107 z kolekcji Massima to kreacja stworzona dla panny m\u0142odej, kt\u00f3ra pragnie po\u0142\u0105czenia klasycznej elegancji z wygod\u0105 i subteln\u0105 nowoczesno\u015bci\u0105. Suknia emanuje delikatno\u015bci\u0105 i kobiecym wdzi\u0119kiem, zachowuj\u0105c przy tym ponadczasowy styl. G\u00f3ra: Gorset dopasowany, podkre\u015blaj\u0105cy biust i tali\u0119, zapewnia stabilno\u015b\u0107 i komfort. Dekolt \u2013 czy to w kszta\u0142cie serca, karo, \u0142\u00f3dki [&hellip;]\" \/>\n<meta property=\"og:url\" content=\"https:\/\/suknie-loretta.pl\/?page_id=1375\" \/>\n<meta property=\"og:site_name\" content=\"Loretta - Salon sukni \u015blubnych Wroc\u0142aw\" \/>\n<meta property=\"og:image\" content=\"https:\/\/suknie-loretta.pl\/wp-content\/uploads\/2025\/10\/001-3.jpg\" \/>\n\t<meta property=\"og:image:width\" content=\"1100\" \/>\n\t<meta property=\"og:image:height\" content=\"1600\" \/>\n\t<meta property=\"og:image:type\" content=\"image\/jpeg\" \/>\n<meta name=\"twitter:card\" content=\"summary_large_image\" \/>\n<meta name=\"twitter:label1\" content=\"Szacowany czas czytania\" \/>\n\t<meta name=\"twitter:data1\" content=\"1 minuta\" \/>\n<script type=\"application\/ld+json\" class=\"yoast-schema-graph\">{\"@context\":\"https:\/\/schema.org\",\"@graph\":[{\"@type\":\"WebPage\",\"@id\":\"https:\/\/suknie-loretta.pl\/?page_id=1375\",\"url\":\"https:\/\/suknie-loretta.pl\/?page_id=1375\",\"name\":\"MASSIMA 107 - Loretta - Salon sukni \u015blubnych Wroc\u0142aw\",\"isPartOf\":{\"@id\":\"https:\/\/suknie-loretta.pl\/#website\"},\"primaryImageOfPage\":{\"@id\":\"https:\/\/suknie-loretta.pl\/?page_id=1375#primaryimage\"},\"image\":{\"@id\":\"https:\/\/suknie-loretta.pl\/?page_id=1375#primaryimage\"},\"thumbnailUrl\":\"https:\/\/suknie-loretta.pl\/wp-content\/uploads\/2025\/10\/001-3-704x1024.jpg\",\"datePublished\":\"2025-10-08T20:29:14+00:00\",\"breadcrumb\":{\"@id\":\"https:\/\/suknie-loretta.pl\/?page_id=1375#breadcrumb\"},\"inLanguage\":\"pl-PL\",\"potentialAction\":[{\"@type\":\"ReadAction\",\"target\":[\"https:\/\/suknie-loretta.pl\/?page_id=1375\"]}]},{\"@type\":\"ImageObject\",\"inLanguage\":\"pl-PL\",\"@id\":\"https:\/\/suknie-loretta.pl\/?page_id=1375#primaryimage\",\"url\":\"https:\/\/suknie-loretta.pl\/wp-content\/uploads\/2025\/10\/001-3.jpg\",\"contentUrl\":\"https:\/\/suknie-loretta.pl\/wp-content\/uploads\/2025\/10\/001-3.jpg\",\"width\":1100,\"height\":1600,\"caption\":\"MASSIMA 107\"},{\"@type\":\"BreadcrumbList\",\"@id\":\"https:\/\/suknie-loretta.pl\/?page_id=1375#breadcrumb\",\"itemListElement\":[{\"@type\":\"ListItem\",\"position\":1,\"name\":\"Home\",\"item\":\"https:\/\/suknie-loretta.pl\/\"},{\"@type\":\"ListItem\",\"position\":2,\"name\":\"MASSIMA 107\"}]},{\"@type\":\"WebSite\",\"@id\":\"https:\/\/suknie-loretta.pl\/#website\",\"url\":\"https:\/\/suknie-loretta.pl\/\",\"name\":\"Loretta - Salon sukni \u015blubnych Wroc\u0142aw\",\"description\":\"Spe\u0142niamy marzenia od 1991 roku!\",\"publisher\":{\"@id\":\"https:\/\/suknie-loretta.pl\/#organization\"},\"potentialAction\":[{\"@type\":\"SearchAction\",\"target\":{\"@type\":\"EntryPoint\",\"urlTemplate\":\"https:\/\/suknie-loretta.pl\/?s={search_term_string}\"},\"query-input\":{\"@type\":\"PropertyValueSpecification\",\"valueRequired\":true,\"valueName\":\"search_term_string\"}}],\"inLanguage\":\"pl-PL\"},{\"@type\":\"Organization\",\"@id\":\"https:\/\/suknie-loretta.pl\/#organization\",\"name\":\"Loretta - Salon sukni \u015blubnych Wroc\u0142aw\",\"url\":\"https:\/\/suknie-loretta.pl\/\",\"logo\":{\"@type\":\"ImageObject\",\"inLanguage\":\"pl-PL\",\"@id\":\"https:\/\/suknie-loretta.pl\/#\/schema\/logo\/image\/\",\"url\":\"https:\/\/suknie-loretta.pl\/wp-content\/uploads\/2025\/07\/logo-loretta-3.png\",\"contentUrl\":\"https:\/\/suknie-loretta.pl\/wp-content\/uploads\/2025\/07\/logo-loretta-3.png\",\"width\":261,\"height\":68,\"caption\":\"Loretta - Salon sukni \u015blubnych Wroc\u0142aw\"},\"image\":{\"@id\":\"https:\/\/suknie-loretta.pl\/#\/schema\/logo\/image\/\"}}]}<\/script>\n<!-- \/ Yoast SEO plugin. -->","yoast_head_json":{"title":"MASSIMA 107 - Loretta - Salon sukni \u015blubnych Wroc\u0142aw","robots":{"index":"index","follow":"follow","max-snippet":"max-snippet:-1","max-image-preview":"max-image-preview:large","max-video-preview":"max-video-preview:-1"},"canonical":"https:\/\/suknie-loretta.pl\/?page_id=1375","og_locale":"pl_PL","og_type":"article","og_title":"MASSIMA 107 - Loretta - Salon sukni \u015blubnych Wroc\u0142aw","og_description":"MASSIMA model 107 Model 107 z kolekcji Massima to kreacja stworzona dla panny m\u0142odej, kt\u00f3ra pragnie po\u0142\u0105czenia klasycznej elegancji z wygod\u0105 i subteln\u0105 nowoczesno\u015bci\u0105. Suknia emanuje delikatno\u015bci\u0105 i kobiecym wdzi\u0119kiem, zachowuj\u0105c przy tym ponadczasowy styl. G\u00f3ra: Gorset dopasowany, podkre\u015blaj\u0105cy biust i tali\u0119, zapewnia stabilno\u015b\u0107 i komfort. Dekolt \u2013 czy to w kszta\u0142cie serca, karo, \u0142\u00f3dki [&hellip;]","og_url":"https:\/\/suknie-loretta.pl\/?page_id=1375","og_site_name":"Loretta - Salon sukni \u015blubnych Wroc\u0142aw","og_image":[{"width":1100,"height":1600,"url":"https:\/\/suknie-loretta.pl\/wp-content\/uploads\/2025\/10\/001-3.jpg","type":"image\/jpeg"}],"twitter_card":"summary_large_image","twitter_misc":{"Szacowany czas czytania":"1 minuta"},"schema":{"@context":"https:\/\/schema.org","@graph":[{"@type":"WebPage","@id":"https:\/\/suknie-loretta.pl\/?page_id=1375","url":"https:\/\/suknie-loretta.pl\/?page_id=1375","name":"MASSIMA 107 - Loretta - Salon sukni \u015blubnych Wroc\u0142aw","isPartOf":{"@id":"https:\/\/suknie-loretta.pl\/#website"},"primaryImageOfPage":{"@id":"https:\/\/suknie-loretta.pl\/?page_id=1375#primaryimage"},"image":{"@id":"https:\/\/suknie-loretta.pl\/?page_id=1375#primaryimage"},"thumbnailUrl":"https:\/\/suknie-loretta.pl\/wp-content\/uploads\/2025\/10\/001-3-704x1024.jpg","datePublished":"2025-10-08T20:29:14+00:00","breadcrumb":{"@id":"https:\/\/suknie-loretta.pl\/?page_id=1375#breadcrumb"},"inLanguage":"pl-PL","potentialAction":[{"@type":"ReadAction","target":["https:\/\/suknie-loretta.pl\/?page_id=1375"]}]},{"@type":"ImageObject","inLanguage":"pl-PL","@id":"https:\/\/suknie-loretta.pl\/?page_id=1375#primaryimage","url":"https:\/\/suknie-loretta.pl\/wp-content\/uploads\/2025\/10\/001-3.jpg","contentUrl":"https:\/\/suknie-loretta.pl\/wp-content\/uploads\/2025\/10\/001-3.jpg","width":1100,"height":1600,"caption":"MASSIMA 107"},{"@type":"BreadcrumbList","@id":"https:\/\/suknie-loretta.pl\/?page_id=1375#breadcrumb","itemListElement":[{"@type":"ListItem","position":1,"name":"Home","item":"https:\/\/suknie-loretta.pl\/"},{"@type":"ListItem","position":2,"name":"MASSIMA 107"}]},{"@type":"WebSite","@id":"https:\/\/suknie-loretta.pl\/#website","url":"https:\/\/suknie-loretta.pl\/","name":"Loretta - Salon sukni \u015blubnych Wroc\u0142aw","description":"Spe\u0142niamy marzenia od 1991 roku!","publisher":{"@id":"https:\/\/suknie-loretta.pl\/#organization"},"potentialAction":[{"@type":"SearchAction","target":{"@type":"EntryPoint","urlTemplate":"https:\/\/suknie-loretta.pl\/?s={search_term_string}"},"query-input":{"@type":"PropertyValueSpecification","valueRequired":true,"valueName":"search_term_string"}}],"inLanguage":"pl-PL"},{"@type":"Organization","@id":"https:\/\/suknie-loretta.pl\/#organization","name":"Loretta - Salon sukni \u015blubnych Wroc\u0142aw","url":"https:\/\/suknie-loretta.pl\/","logo":{"@type":"ImageObject","inLanguage":"pl-PL","@id":"https:\/\/suknie-loretta.pl\/#\/schema\/logo\/image\/","url":"https:\/\/suknie-loretta.pl\/wp-content\/uploads\/2025\/07\/logo-loretta-3.png","contentUrl":"https:\/\/suknie-loretta.pl\/wp-content\/uploads\/2025\/07\/logo-loretta-3.png","width":261,"height":68,"caption":"Loretta - Salon sukni \u015blubnych Wroc\u0142aw"},"image":{"@id":"https:\/\/suknie-loretta.pl\/#\/schema\/logo\/image\/"}}]}},"_links":{"self":[{"href":"https:\/\/suknie-loretta.pl\/index.php?rest_route=\/wp\/v2\/pages\/1375","targetHints":{"allow":["GET"]}}],"collection":[{"href":"https:\/\/suknie-loretta.pl\/index.php?rest_route=\/wp\/v2\/pages"}],"about":[{"href":"https:\/\/suknie-loretta.pl\/index.php?rest_route=\/wp\/v2\/types\/page"}],"author":[{"embeddable":true,"href":"https:\/\/suknie-loretta.pl\/index.php?rest_route=\/wp\/v2\/users\/1"}],"replies":[{"embeddable":true,"href":"https:\/\/suknie-loretta.pl\/index.php?rest_route=%2Fwp%2Fv2%2Fcomments&post=1375"}],"version-history":[{"count":1,"href":"https:\/\/suknie-loretta.pl\/index.php?rest_route=\/wp\/v2\/pages\/1375\/revisions"}],"predecessor-version":[{"id":1381,"href":"https:\/\/suknie-loretta.pl\/index.php?rest_route=\/wp\/v2\/pages\/1375\/revisions\/1381"}],"wp:attachment":[{"href":"https:\/\/suknie-loretta.pl\/index.php?rest_route=%2Fwp%2Fv2%2Fmedia&parent=1375"}],"curies":[{"name":"wp","href":"https:\/\/api.w.org\/{rel}","templated":true}]}}