{"id":855,"date":"2025-08-03T23:23:24","date_gmt":"2025-08-03T21:23:24","guid":{"rendered":"http:\/\/loretta.sq2.pl\/?page_id=855"},"modified":"2025-08-11T20:41:12","modified_gmt":"2025-08-11T18:41:12","slug":"zelda","status":"publish","type":"page","link":"https:\/\/suknie-loretta.pl\/?page_id=855","title":{"rendered":"Zelda"},"content":{"rendered":"\n<h1 class=\"wp-block-heading\">Kolekcja \u201eZelda\u201d \u2013 Syrenka w nowoczesnym wydaniu<\/h1>\n\n\n\n<p><\/p>\n\n\n\n<p><br>Zmys\u0142owa, elegancka i pe\u0142na charakteru \u2013 kolekcja \u201eZelda\u201d to ho\u0142d dla kobiet, kt\u00f3re pragn\u0105 ol\u015bniewa\u0107. Suknie \u015blubne w fasonie syrenki podkre\u015blaj\u0105 kobiece kszta\u0142ty, \u0142\u0105cz\u0105c klasyczn\u0105 lini\u0119 z nowoczesnymi detalami. Delikatne koronki, subtelne zdobienia i perfekcyjne dopasowanie sprawiaj\u0105, \u017ce ka\u017cda suknia z tej kolekcji to prawdziwe dzie\u0142o sztuki.<br><br><strong>Dla Panny M\u0142odej, kt\u00f3ra chce wygl\u0105da\u0107 wyj\u0105tkowo \u2013 od pierwszego spojrzenia po ostatni taniec.<\/strong><br><strong><br><\/strong><\/p>\n\n\n\n<p><\/p>\n\n\n\n<figure class=\"wp-block-gallery has-nested-images columns-2 is-cropped wp-block-gallery-1 is-layout-flex wp-block-gallery-is-layout-flex\">\n<figure class=\"wp-block-image size-large\"><a href=\"https:\/\/suknie-loretta.pl\/?page_id=870\"><img fetchpriority=\"high\" decoding=\"async\" width=\"704\" height=\"1024\" data-id=\"921\" src=\"https:\/\/loretta.sq2.pl\/wp-content\/uploads\/2025\/08\/zelda262-1-704x1024.jpg\" alt=\"Zelda model 262\" class=\"wp-image-921\" srcset=\"https:\/\/suknie-loretta.pl\/wp-content\/uploads\/2025\/08\/zelda262-1-704x1024.jpg 704w, https:\/\/suknie-loretta.pl\/wp-content\/uploads\/2025\/08\/zelda262-1-206x300.jpg 206w, https:\/\/suknie-loretta.pl\/wp-content\/uploads\/2025\/08\/zelda262-1-768x1117.jpg 768w, https:\/\/suknie-loretta.pl\/wp-content\/uploads\/2025\/08\/zelda262-1-1056x1536.jpg 1056w, https:\/\/suknie-loretta.pl\/wp-content\/uploads\/2025\/08\/zelda262-1.jpg 1100w\" sizes=\"(max-width: 704px) 100vw, 704px\" \/><\/a><\/figure>\n\n\n\n<figure class=\"wp-block-image size-large\"><a href=\"https:\/\/suknie-loretta.pl\/?page_id=877\"><img decoding=\"async\" width=\"704\" height=\"1024\" data-id=\"918\" src=\"https:\/\/loretta.sq2.pl\/wp-content\/uploads\/2025\/08\/ZELDA306-1-704x1024.jpg\" alt=\"Zelda model 306\" class=\"wp-image-918\" srcset=\"https:\/\/suknie-loretta.pl\/wp-content\/uploads\/2025\/08\/ZELDA306-1-704x1024.jpg 704w, https:\/\/suknie-loretta.pl\/wp-content\/uploads\/2025\/08\/ZELDA306-1-206x300.jpg 206w, https:\/\/suknie-loretta.pl\/wp-content\/uploads\/2025\/08\/ZELDA306-1-768x1117.jpg 768w, https:\/\/suknie-loretta.pl\/wp-content\/uploads\/2025\/08\/ZELDA306-1-1056x1536.jpg 1056w, https:\/\/suknie-loretta.pl\/wp-content\/uploads\/2025\/08\/ZELDA306-1.jpg 1100w\" sizes=\"(max-width: 704px) 100vw, 704px\" \/><\/a><\/figure>\n\n\n\n<figure class=\"wp-block-image size-large\"><a href=\"https:\/\/suknie-loretta.pl\/?page_id=884\"><img decoding=\"async\" width=\"704\" height=\"1024\" data-id=\"927\" src=\"https:\/\/loretta.sq2.pl\/wp-content\/uploads\/2025\/08\/zwlda1004-704x1024.jpg\" alt=\"\" class=\"wp-image-927\" srcset=\"https:\/\/suknie-loretta.pl\/wp-content\/uploads\/2025\/08\/zwlda1004-704x1024.jpg 704w, https:\/\/suknie-loretta.pl\/wp-content\/uploads\/2025\/08\/zwlda1004-206x300.jpg 206w, https:\/\/suknie-loretta.pl\/wp-content\/uploads\/2025\/08\/zwlda1004-768x1117.jpg 768w, https:\/\/suknie-loretta.pl\/wp-content\/uploads\/2025\/08\/zwlda1004-1056x1536.jpg 1056w, https:\/\/suknie-loretta.pl\/wp-content\/uploads\/2025\/08\/zwlda1004.jpg 1100w\" sizes=\"(max-width: 704px) 100vw, 704px\" \/><\/a><\/figure>\n\n\n\n<figure class=\"wp-block-image size-large\"><a href=\"https:\/\/suknie-loretta.pl\/?page_id=891\"><img loading=\"lazy\" decoding=\"async\" width=\"704\" height=\"1024\" data-id=\"929\" src=\"https:\/\/loretta.sq2.pl\/wp-content\/uploads\/2025\/08\/zelda1016-704x1024.jpg\" alt=\"\" class=\"wp-image-929\" srcset=\"https:\/\/suknie-loretta.pl\/wp-content\/uploads\/2025\/08\/zelda1016-704x1024.jpg 704w, https:\/\/suknie-loretta.pl\/wp-content\/uploads\/2025\/08\/zelda1016-206x300.jpg 206w, https:\/\/suknie-loretta.pl\/wp-content\/uploads\/2025\/08\/zelda1016-768x1117.jpg 768w, https:\/\/suknie-loretta.pl\/wp-content\/uploads\/2025\/08\/zelda1016-1056x1536.jpg 1056w, https:\/\/suknie-loretta.pl\/wp-content\/uploads\/2025\/08\/zelda1016.jpg 1100w\" sizes=\"(max-width: 704px) 100vw, 704px\" \/><\/a><\/figure>\n\n\n\n<figure class=\"wp-block-image size-large\"><a href=\"https:\/\/suknie-loretta.pl\/?page_id=898\"><img loading=\"lazy\" decoding=\"async\" width=\"704\" height=\"1024\" data-id=\"931\" src=\"https:\/\/loretta.sq2.pl\/wp-content\/uploads\/2025\/08\/zelda1017-704x1024.jpg\" alt=\"\" class=\"wp-image-931\" srcset=\"https:\/\/suknie-loretta.pl\/wp-content\/uploads\/2025\/08\/zelda1017-704x1024.jpg 704w, https:\/\/suknie-loretta.pl\/wp-content\/uploads\/2025\/08\/zelda1017-206x300.jpg 206w, https:\/\/suknie-loretta.pl\/wp-content\/uploads\/2025\/08\/zelda1017-768x1117.jpg 768w, https:\/\/suknie-loretta.pl\/wp-content\/uploads\/2025\/08\/zelda1017-1056x1536.jpg 1056w, https:\/\/suknie-loretta.pl\/wp-content\/uploads\/2025\/08\/zelda1017.jpg 1100w\" sizes=\"(max-width: 704px) 100vw, 704px\" \/><\/a><\/figure>\n<\/figure>\n","protected":false},"excerpt":{"rendered":"<p>Zmys\u0142owa, elegancka i pe\u0142na charakteru \u2013 kolekcja \u201eZelda\u201d to ho\u0142d dla kobiet, kt\u00f3re pragn\u0105 ol\u015bniewa\u0107. Suknie \u015blubne w fasonie syrenki podkre\u015blaj\u0105 kobiece kszta\u0142ty, \u0142\u0105cz\u0105c klasyczn\u0105 lini\u0119 z nowoczesnymi detalami. Delikatne koronki, subtelne zdobienia i perfekcyjne dopasowanie sprawiaj\u0105, \u017ce ka\u017cda suknia z tej kolekcji to prawdziwe dzie\u0142o sztuki. Dla Panny M\u0142odej, kt\u00f3ra chce wygl\u0105da\u0107 wyj\u0105tkowo \u2013 [&hellip;]<\/p>\n","protected":false},"author":1,"featured_media":0,"parent":0,"menu_order":0,"comment_status":"closed","ping_status":"closed","template":"","meta":{"footnotes":""},"class_list":["post-855","page","type-page","status-publish","hentry"],"yoast_head":"<!-- This site is optimized with the Yoast SEO plugin v25.5 - https:\/\/yoast.com\/wordpress\/plugins\/seo\/ -->\n<title>Zelda - Loretta - Salon sukni \u015blubnych Wroc\u0142aw<\/title>\n<meta name=\"robots\" content=\"index, follow, max-snippet:-1, max-image-preview:large, max-video-preview:-1\" \/>\n<link rel=\"canonical\" href=\"https:\/\/suknie-loretta.pl\/?page_id=855\" \/>\n<meta property=\"og:locale\" content=\"pl_PL\" \/>\n<meta property=\"og:type\" content=\"article\" \/>\n<meta property=\"og:title\" content=\"Zelda - Loretta - Salon sukni \u015blubnych Wroc\u0142aw\" \/>\n<meta property=\"og:description\" content=\"Zmys\u0142owa, elegancka i pe\u0142na charakteru \u2013 kolekcja \u201eZelda\u201d to ho\u0142d dla kobiet, kt\u00f3re pragn\u0105 ol\u015bniewa\u0107. Suknie \u015blubne w fasonie syrenki podkre\u015blaj\u0105 kobiece kszta\u0142ty, \u0142\u0105cz\u0105c klasyczn\u0105 lini\u0119 z nowoczesnymi detalami. Delikatne koronki, subtelne zdobienia i perfekcyjne dopasowanie sprawiaj\u0105, \u017ce ka\u017cda suknia z tej kolekcji to prawdziwe dzie\u0142o sztuki. Dla Panny M\u0142odej, kt\u00f3ra chce wygl\u0105da\u0107 wyj\u0105tkowo \u2013 [&hellip;]\" \/>\n<meta property=\"og:url\" content=\"https:\/\/suknie-loretta.pl\/?page_id=855\" \/>\n<meta property=\"og:site_name\" content=\"Loretta - Salon sukni \u015blubnych Wroc\u0142aw\" \/>\n<meta property=\"article:modified_time\" content=\"2025-08-11T18:41:12+00:00\" \/>\n<meta property=\"og:image\" content=\"https:\/\/loretta.sq2.pl\/wp-content\/uploads\/2025\/08\/zelda262-1-704x1024.jpg\" \/>\n<meta name=\"twitter:card\" content=\"summary_large_image\" \/>\n<script type=\"application\/ld+json\" class=\"yoast-schema-graph\">{\"@context\":\"https:\/\/schema.org\",\"@graph\":[{\"@type\":\"WebPage\",\"@id\":\"https:\/\/suknie-loretta.pl\/?page_id=855\",\"url\":\"https:\/\/suknie-loretta.pl\/?page_id=855\",\"name\":\"Zelda - Loretta - Salon sukni \u015blubnych Wroc\u0142aw\",\"isPartOf\":{\"@id\":\"https:\/\/suknie-loretta.pl\/#website\"},\"primaryImageOfPage\":{\"@id\":\"https:\/\/suknie-loretta.pl\/?page_id=855#primaryimage\"},\"image\":{\"@id\":\"https:\/\/suknie-loretta.pl\/?page_id=855#primaryimage\"},\"thumbnailUrl\":\"https:\/\/loretta.sq2.pl\/wp-content\/uploads\/2025\/08\/zelda262-1-704x1024.jpg\",\"datePublished\":\"2025-08-03T21:23:24+00:00\",\"dateModified\":\"2025-08-11T18:41:12+00:00\",\"breadcrumb\":{\"@id\":\"https:\/\/suknie-loretta.pl\/?page_id=855#breadcrumb\"},\"inLanguage\":\"pl-PL\",\"potentialAction\":[{\"@type\":\"ReadAction\",\"target\":[\"https:\/\/suknie-loretta.pl\/?page_id=855\"]}]},{\"@type\":\"ImageObject\",\"inLanguage\":\"pl-PL\",\"@id\":\"https:\/\/suknie-loretta.pl\/?page_id=855#primaryimage\",\"url\":\"https:\/\/loretta.sq2.pl\/wp-content\/uploads\/2025\/08\/zelda262-1-704x1024.jpg\",\"contentUrl\":\"https:\/\/loretta.sq2.pl\/wp-content\/uploads\/2025\/08\/zelda262-1-704x1024.jpg\"},{\"@type\":\"BreadcrumbList\",\"@id\":\"https:\/\/suknie-loretta.pl\/?page_id=855#breadcrumb\",\"itemListElement\":[{\"@type\":\"ListItem\",\"position\":1,\"name\":\"Home\",\"item\":\"https:\/\/suknie-loretta.pl\/\"},{\"@type\":\"ListItem\",\"position\":2,\"name\":\"Zelda\"}]},{\"@type\":\"WebSite\",\"@id\":\"https:\/\/suknie-loretta.pl\/#website\",\"url\":\"https:\/\/suknie-loretta.pl\/\",\"name\":\"Loretta - Salon sukni \u015blubnych Wroc\u0142aw\",\"description\":\"Spe\u0142niamy marzenia od 1991 roku!\",\"publisher\":{\"@id\":\"https:\/\/suknie-loretta.pl\/#organization\"},\"potentialAction\":[{\"@type\":\"SearchAction\",\"target\":{\"@type\":\"EntryPoint\",\"urlTemplate\":\"https:\/\/suknie-loretta.pl\/?s={search_term_string}\"},\"query-input\":{\"@type\":\"PropertyValueSpecification\",\"valueRequired\":true,\"valueName\":\"search_term_string\"}}],\"inLanguage\":\"pl-PL\"},{\"@type\":\"Organization\",\"@id\":\"https:\/\/suknie-loretta.pl\/#organization\",\"name\":\"Loretta - Salon sukni \u015blubnych Wroc\u0142aw\",\"url\":\"https:\/\/suknie-loretta.pl\/\",\"logo\":{\"@type\":\"ImageObject\",\"inLanguage\":\"pl-PL\",\"@id\":\"https:\/\/suknie-loretta.pl\/#\/schema\/logo\/image\/\",\"url\":\"https:\/\/suknie-loretta.pl\/wp-content\/uploads\/2025\/07\/logo-loretta-3.png\",\"contentUrl\":\"https:\/\/suknie-loretta.pl\/wp-content\/uploads\/2025\/07\/logo-loretta-3.png\",\"width\":261,\"height\":68,\"caption\":\"Loretta - Salon sukni \u015blubnych Wroc\u0142aw\"},\"image\":{\"@id\":\"https:\/\/suknie-loretta.pl\/#\/schema\/logo\/image\/\"}}]}<\/script>\n<!-- \/ Yoast SEO plugin. -->","yoast_head_json":{"title":"Zelda - Loretta - Salon sukni \u015blubnych Wroc\u0142aw","robots":{"index":"index","follow":"follow","max-snippet":"max-snippet:-1","max-image-preview":"max-image-preview:large","max-video-preview":"max-video-preview:-1"},"canonical":"https:\/\/suknie-loretta.pl\/?page_id=855","og_locale":"pl_PL","og_type":"article","og_title":"Zelda - Loretta - Salon sukni \u015blubnych Wroc\u0142aw","og_description":"Zmys\u0142owa, elegancka i pe\u0142na charakteru \u2013 kolekcja \u201eZelda\u201d to ho\u0142d dla kobiet, kt\u00f3re pragn\u0105 ol\u015bniewa\u0107. Suknie \u015blubne w fasonie syrenki podkre\u015blaj\u0105 kobiece kszta\u0142ty, \u0142\u0105cz\u0105c klasyczn\u0105 lini\u0119 z nowoczesnymi detalami. Delikatne koronki, subtelne zdobienia i perfekcyjne dopasowanie sprawiaj\u0105, \u017ce ka\u017cda suknia z tej kolekcji to prawdziwe dzie\u0142o sztuki. Dla Panny M\u0142odej, kt\u00f3ra chce wygl\u0105da\u0107 wyj\u0105tkowo \u2013 [&hellip;]","og_url":"https:\/\/suknie-loretta.pl\/?page_id=855","og_site_name":"Loretta - Salon sukni \u015blubnych Wroc\u0142aw","article_modified_time":"2025-08-11T18:41:12+00:00","og_image":[{"url":"https:\/\/loretta.sq2.pl\/wp-content\/uploads\/2025\/08\/zelda262-1-704x1024.jpg","type":"","width":"","height":""}],"twitter_card":"summary_large_image","schema":{"@context":"https:\/\/schema.org","@graph":[{"@type":"WebPage","@id":"https:\/\/suknie-loretta.pl\/?page_id=855","url":"https:\/\/suknie-loretta.pl\/?page_id=855","name":"Zelda - Loretta - Salon sukni \u015blubnych Wroc\u0142aw","isPartOf":{"@id":"https:\/\/suknie-loretta.pl\/#website"},"primaryImageOfPage":{"@id":"https:\/\/suknie-loretta.pl\/?page_id=855#primaryimage"},"image":{"@id":"https:\/\/suknie-loretta.pl\/?page_id=855#primaryimage"},"thumbnailUrl":"https:\/\/loretta.sq2.pl\/wp-content\/uploads\/2025\/08\/zelda262-1-704x1024.jpg","datePublished":"2025-08-03T21:23:24+00:00","dateModified":"2025-08-11T18:41:12+00:00","breadcrumb":{"@id":"https:\/\/suknie-loretta.pl\/?page_id=855#breadcrumb"},"inLanguage":"pl-PL","potentialAction":[{"@type":"ReadAction","target":["https:\/\/suknie-loretta.pl\/?page_id=855"]}]},{"@type":"ImageObject","inLanguage":"pl-PL","@id":"https:\/\/suknie-loretta.pl\/?page_id=855#primaryimage","url":"https:\/\/loretta.sq2.pl\/wp-content\/uploads\/2025\/08\/zelda262-1-704x1024.jpg","contentUrl":"https:\/\/loretta.sq2.pl\/wp-content\/uploads\/2025\/08\/zelda262-1-704x1024.jpg"},{"@type":"BreadcrumbList","@id":"https:\/\/suknie-loretta.pl\/?page_id=855#breadcrumb","itemListElement":[{"@type":"ListItem","position":1,"name":"Home","item":"https:\/\/suknie-loretta.pl\/"},{"@type":"ListItem","position":2,"name":"Zelda"}]},{"@type":"WebSite","@id":"https:\/\/suknie-loretta.pl\/#website","url":"https:\/\/suknie-loretta.pl\/","name":"Loretta - Salon sukni \u015blubnych Wroc\u0142aw","description":"Spe\u0142niamy marzenia od 1991 roku!","publisher":{"@id":"https:\/\/suknie-loretta.pl\/#organization"},"potentialAction":[{"@type":"SearchAction","target":{"@type":"EntryPoint","urlTemplate":"https:\/\/suknie-loretta.pl\/?s={search_term_string}"},"query-input":{"@type":"PropertyValueSpecification","valueRequired":true,"valueName":"search_term_string"}}],"inLanguage":"pl-PL"},{"@type":"Organization","@id":"https:\/\/suknie-loretta.pl\/#organization","name":"Loretta - Salon sukni \u015blubnych Wroc\u0142aw","url":"https:\/\/suknie-loretta.pl\/","logo":{"@type":"ImageObject","inLanguage":"pl-PL","@id":"https:\/\/suknie-loretta.pl\/#\/schema\/logo\/image\/","url":"https:\/\/suknie-loretta.pl\/wp-content\/uploads\/2025\/07\/logo-loretta-3.png","contentUrl":"https:\/\/suknie-loretta.pl\/wp-content\/uploads\/2025\/07\/logo-loretta-3.png","width":261,"height":68,"caption":"Loretta - Salon sukni \u015blubnych Wroc\u0142aw"},"image":{"@id":"https:\/\/suknie-loretta.pl\/#\/schema\/logo\/image\/"}}]}},"_links":{"self":[{"href":"https:\/\/suknie-loretta.pl\/index.php?rest_route=\/wp\/v2\/pages\/855","targetHints":{"allow":["GET"]}}],"collection":[{"href":"https:\/\/suknie-loretta.pl\/index.php?rest_route=\/wp\/v2\/pages"}],"about":[{"href":"https:\/\/suknie-loretta.pl\/index.php?rest_route=\/wp\/v2\/types\/page"}],"author":[{"embeddable":true,"href":"https:\/\/suknie-loretta.pl\/index.php?rest_route=\/wp\/v2\/users\/1"}],"replies":[{"embeddable":true,"href":"https:\/\/suknie-loretta.pl\/index.php?rest_route=%2Fwp%2Fv2%2Fcomments&post=855"}],"version-history":[{"count":22,"href":"https:\/\/suknie-loretta.pl\/index.php?rest_route=\/wp\/v2\/pages\/855\/revisions"}],"predecessor-version":[{"id":1115,"href":"https:\/\/suknie-loretta.pl\/index.php?rest_route=\/wp\/v2\/pages\/855\/revisions\/1115"}],"wp:attachment":[{"href":"https:\/\/suknie-loretta.pl\/index.php?rest_route=%2Fwp%2Fv2%2Fmedia&parent=855"}],"curies":[{"name":"wp","href":"https:\/\/api.w.org\/{rel}","templated":true}]}}