{"id":952,"date":"2025-08-10T21:36:16","date_gmt":"2025-08-10T19:36:16","guid":{"rendered":"https:\/\/loretta.sq2.pl\/?page_id=952"},"modified":"2025-08-11T20:22:14","modified_gmt":"2025-08-11T18:22:14","slug":"amara","status":"publish","type":"page","link":"https:\/\/suknie-loretta.pl\/?page_id=952","title":{"rendered":"Amara"},"content":{"rendered":"\n<h2 class=\"wp-block-heading\">Kolekcja \u201eAmara\u201d \u2013 Klasyka, kt\u00f3ra nigdy nie wychodzi z mody<\/h2>\n\n\n\n<p>\u201eAmara\u201d to kolekcja dla Panien M\u0142odych, kt\u00f3re ceni\u0105 ponadczasow\u0105 elegancj\u0119. Klasyczny fason sukni \u015blubnych zachwyca prostot\u0105 linii, szlachetnymi materia\u0142ami i perfekcyjnym krojem. To styl, kt\u00f3ry nie potrzebuje ozdobnik\u00f3w \u2013 bo jego si\u0142a tkwi w subtelno\u015bci i wyrafinowaniu.<\/p>\n\n\n\n<p><br><strong>Z \u201eAmara\u201d ka\u017cda kobieta wygl\u0105da jak zjawiskowa ikona klasy i wdzi\u0119ku.<\/strong><br><br><\/p>\n\n\n\n<figure class=\"wp-block-gallery has-nested-images columns-2 is-cropped wp-block-gallery-1 is-layout-flex wp-block-gallery-is-layout-flex\">\n<figure class=\"wp-block-image size-large\"><a href=\"https:\/\/suknie-loretta.pl\/?page_id=1073\"><img fetchpriority=\"high\" decoding=\"async\" width=\"704\" height=\"1024\" data-id=\"953\" src=\"https:\/\/loretta.sq2.pl\/wp-content\/uploads\/2025\/08\/amara301-704x1024.jpg\" alt=\"\" class=\"wp-image-953\" srcset=\"https:\/\/suknie-loretta.pl\/wp-content\/uploads\/2025\/08\/amara301-704x1024.jpg 704w, https:\/\/suknie-loretta.pl\/wp-content\/uploads\/2025\/08\/amara301-206x300.jpg 206w, https:\/\/suknie-loretta.pl\/wp-content\/uploads\/2025\/08\/amara301-768x1117.jpg 768w, https:\/\/suknie-loretta.pl\/wp-content\/uploads\/2025\/08\/amara301-1056x1536.jpg 1056w, https:\/\/suknie-loretta.pl\/wp-content\/uploads\/2025\/08\/amara301.jpg 1100w\" sizes=\"(max-width: 704px) 100vw, 704px\" \/><\/a><\/figure>\n\n\n\n<figure class=\"wp-block-image size-large\"><a href=\"https:\/\/suknie-loretta.pl\/?page_id=1080\"><img decoding=\"async\" width=\"704\" height=\"1024\" data-id=\"955\" src=\"https:\/\/loretta.sq2.pl\/wp-content\/uploads\/2025\/08\/amara305-704x1024.jpg\" alt=\"\" class=\"wp-image-955\" srcset=\"https:\/\/suknie-loretta.pl\/wp-content\/uploads\/2025\/08\/amara305-704x1024.jpg 704w, https:\/\/suknie-loretta.pl\/wp-content\/uploads\/2025\/08\/amara305-206x300.jpg 206w, https:\/\/suknie-loretta.pl\/wp-content\/uploads\/2025\/08\/amara305-768x1117.jpg 768w, https:\/\/suknie-loretta.pl\/wp-content\/uploads\/2025\/08\/amara305-1056x1536.jpg 1056w, https:\/\/suknie-loretta.pl\/wp-content\/uploads\/2025\/08\/amara305.jpg 1100w\" sizes=\"(max-width: 704px) 100vw, 704px\" \/><\/a><\/figure>\n\n\n\n<figure class=\"wp-block-image size-large\"><a href=\"https:\/\/suknie-loretta.pl\/?page_id=1086\"><img decoding=\"async\" width=\"704\" height=\"1024\" data-id=\"957\" src=\"https:\/\/loretta.sq2.pl\/wp-content\/uploads\/2025\/08\/amara316-704x1024.jpg\" alt=\"\" class=\"wp-image-957\" srcset=\"https:\/\/suknie-loretta.pl\/wp-content\/uploads\/2025\/08\/amara316-704x1024.jpg 704w, https:\/\/suknie-loretta.pl\/wp-content\/uploads\/2025\/08\/amara316-206x300.jpg 206w, https:\/\/suknie-loretta.pl\/wp-content\/uploads\/2025\/08\/amara316-768x1117.jpg 768w, https:\/\/suknie-loretta.pl\/wp-content\/uploads\/2025\/08\/amara316-1056x1536.jpg 1056w, https:\/\/suknie-loretta.pl\/wp-content\/uploads\/2025\/08\/amara316.jpg 1100w\" sizes=\"(max-width: 704px) 100vw, 704px\" \/><\/a><\/figure>\n\n\n\n<figure class=\"wp-block-image size-large\"><a href=\"https:\/\/suknie-loretta.pl\/?page_id=1092\"><img loading=\"lazy\" decoding=\"async\" width=\"704\" height=\"1024\" data-id=\"959\" src=\"https:\/\/loretta.sq2.pl\/wp-content\/uploads\/2025\/08\/amara331-704x1024.jpg\" alt=\"\" class=\"wp-image-959\" srcset=\"https:\/\/suknie-loretta.pl\/wp-content\/uploads\/2025\/08\/amara331-704x1024.jpg 704w, https:\/\/suknie-loretta.pl\/wp-content\/uploads\/2025\/08\/amara331-206x300.jpg 206w, https:\/\/suknie-loretta.pl\/wp-content\/uploads\/2025\/08\/amara331-768x1117.jpg 768w, https:\/\/suknie-loretta.pl\/wp-content\/uploads\/2025\/08\/amara331-1056x1536.jpg 1056w, https:\/\/suknie-loretta.pl\/wp-content\/uploads\/2025\/08\/amara331.jpg 1100w\" sizes=\"(max-width: 704px) 100vw, 704px\" \/><\/a><\/figure>\n<\/figure>\n","protected":false},"excerpt":{"rendered":"<p>Kolekcja \u201eAmara\u201d \u2013 Klasyka, kt\u00f3ra nigdy nie wychodzi z mody \u201eAmara\u201d to kolekcja dla Panien M\u0142odych, kt\u00f3re ceni\u0105 ponadczasow\u0105 elegancj\u0119. Klasyczny fason sukni \u015blubnych zachwyca prostot\u0105 linii, szlachetnymi materia\u0142ami i perfekcyjnym krojem. To styl, kt\u00f3ry nie potrzebuje ozdobnik\u00f3w \u2013 bo jego si\u0142a tkwi w subtelno\u015bci i wyrafinowaniu. Z \u201eAmara\u201d ka\u017cda kobieta wygl\u0105da jak zjawiskowa ikona [&hellip;]<\/p>\n","protected":false},"author":1,"featured_media":0,"parent":0,"menu_order":0,"comment_status":"closed","ping_status":"closed","template":"","meta":{"footnotes":""},"class_list":["post-952","page","type-page","status-publish","hentry"],"yoast_head":"<!-- This site is optimized with the Yoast SEO plugin v25.5 - https:\/\/yoast.com\/wordpress\/plugins\/seo\/ -->\n<title>Amara - Loretta - Salon sukni \u015blubnych Wroc\u0142aw<\/title>\n<meta name=\"robots\" content=\"index, follow, max-snippet:-1, max-image-preview:large, max-video-preview:-1\" \/>\n<link rel=\"canonical\" href=\"https:\/\/suknie-loretta.pl\/?page_id=952\" \/>\n<meta property=\"og:locale\" content=\"pl_PL\" \/>\n<meta property=\"og:type\" content=\"article\" \/>\n<meta property=\"og:title\" content=\"Amara - Loretta - Salon sukni \u015blubnych Wroc\u0142aw\" \/>\n<meta property=\"og:description\" content=\"Kolekcja \u201eAmara\u201d \u2013 Klasyka, kt\u00f3ra nigdy nie wychodzi z mody \u201eAmara\u201d to kolekcja dla Panien M\u0142odych, kt\u00f3re ceni\u0105 ponadczasow\u0105 elegancj\u0119. Klasyczny fason sukni \u015blubnych zachwyca prostot\u0105 linii, szlachetnymi materia\u0142ami i perfekcyjnym krojem. To styl, kt\u00f3ry nie potrzebuje ozdobnik\u00f3w \u2013 bo jego si\u0142a tkwi w subtelno\u015bci i wyrafinowaniu. Z \u201eAmara\u201d ka\u017cda kobieta wygl\u0105da jak zjawiskowa ikona [&hellip;]\" \/>\n<meta property=\"og:url\" content=\"https:\/\/suknie-loretta.pl\/?page_id=952\" \/>\n<meta property=\"og:site_name\" content=\"Loretta - Salon sukni \u015blubnych Wroc\u0142aw\" \/>\n<meta property=\"article:modified_time\" content=\"2025-08-11T18:22:14+00:00\" \/>\n<meta property=\"og:image\" content=\"https:\/\/loretta.sq2.pl\/wp-content\/uploads\/2025\/08\/amara301-704x1024.jpg\" \/>\n<meta name=\"twitter:card\" content=\"summary_large_image\" \/>\n<script type=\"application\/ld+json\" class=\"yoast-schema-graph\">{\"@context\":\"https:\/\/schema.org\",\"@graph\":[{\"@type\":\"WebPage\",\"@id\":\"https:\/\/suknie-loretta.pl\/?page_id=952\",\"url\":\"https:\/\/suknie-loretta.pl\/?page_id=952\",\"name\":\"Amara - Loretta - Salon sukni \u015blubnych Wroc\u0142aw\",\"isPartOf\":{\"@id\":\"https:\/\/suknie-loretta.pl\/#website\"},\"primaryImageOfPage\":{\"@id\":\"https:\/\/suknie-loretta.pl\/?page_id=952#primaryimage\"},\"image\":{\"@id\":\"https:\/\/suknie-loretta.pl\/?page_id=952#primaryimage\"},\"thumbnailUrl\":\"https:\/\/loretta.sq2.pl\/wp-content\/uploads\/2025\/08\/amara301-704x1024.jpg\",\"datePublished\":\"2025-08-10T19:36:16+00:00\",\"dateModified\":\"2025-08-11T18:22:14+00:00\",\"breadcrumb\":{\"@id\":\"https:\/\/suknie-loretta.pl\/?page_id=952#breadcrumb\"},\"inLanguage\":\"pl-PL\",\"potentialAction\":[{\"@type\":\"ReadAction\",\"target\":[\"https:\/\/suknie-loretta.pl\/?page_id=952\"]}]},{\"@type\":\"ImageObject\",\"inLanguage\":\"pl-PL\",\"@id\":\"https:\/\/suknie-loretta.pl\/?page_id=952#primaryimage\",\"url\":\"https:\/\/loretta.sq2.pl\/wp-content\/uploads\/2025\/08\/amara301-704x1024.jpg\",\"contentUrl\":\"https:\/\/loretta.sq2.pl\/wp-content\/uploads\/2025\/08\/amara301-704x1024.jpg\"},{\"@type\":\"BreadcrumbList\",\"@id\":\"https:\/\/suknie-loretta.pl\/?page_id=952#breadcrumb\",\"itemListElement\":[{\"@type\":\"ListItem\",\"position\":1,\"name\":\"Home\",\"item\":\"https:\/\/suknie-loretta.pl\/\"},{\"@type\":\"ListItem\",\"position\":2,\"name\":\"Amara\"}]},{\"@type\":\"WebSite\",\"@id\":\"https:\/\/suknie-loretta.pl\/#website\",\"url\":\"https:\/\/suknie-loretta.pl\/\",\"name\":\"Loretta - Salon sukni \u015blubnych Wroc\u0142aw\",\"description\":\"Spe\u0142niamy marzenia od 1991 roku!\",\"publisher\":{\"@id\":\"https:\/\/suknie-loretta.pl\/#organization\"},\"potentialAction\":[{\"@type\":\"SearchAction\",\"target\":{\"@type\":\"EntryPoint\",\"urlTemplate\":\"https:\/\/suknie-loretta.pl\/?s={search_term_string}\"},\"query-input\":{\"@type\":\"PropertyValueSpecification\",\"valueRequired\":true,\"valueName\":\"search_term_string\"}}],\"inLanguage\":\"pl-PL\"},{\"@type\":\"Organization\",\"@id\":\"https:\/\/suknie-loretta.pl\/#organization\",\"name\":\"Loretta - Salon sukni \u015blubnych Wroc\u0142aw\",\"url\":\"https:\/\/suknie-loretta.pl\/\",\"logo\":{\"@type\":\"ImageObject\",\"inLanguage\":\"pl-PL\",\"@id\":\"https:\/\/suknie-loretta.pl\/#\/schema\/logo\/image\/\",\"url\":\"https:\/\/suknie-loretta.pl\/wp-content\/uploads\/2025\/07\/logo-loretta-3.png\",\"contentUrl\":\"https:\/\/suknie-loretta.pl\/wp-content\/uploads\/2025\/07\/logo-loretta-3.png\",\"width\":261,\"height\":68,\"caption\":\"Loretta - Salon sukni \u015blubnych Wroc\u0142aw\"},\"image\":{\"@id\":\"https:\/\/suknie-loretta.pl\/#\/schema\/logo\/image\/\"}}]}<\/script>\n<!-- \/ Yoast SEO plugin. -->","yoast_head_json":{"title":"Amara - Loretta - Salon sukni \u015blubnych Wroc\u0142aw","robots":{"index":"index","follow":"follow","max-snippet":"max-snippet:-1","max-image-preview":"max-image-preview:large","max-video-preview":"max-video-preview:-1"},"canonical":"https:\/\/suknie-loretta.pl\/?page_id=952","og_locale":"pl_PL","og_type":"article","og_title":"Amara - Loretta - Salon sukni \u015blubnych Wroc\u0142aw","og_description":"Kolekcja \u201eAmara\u201d \u2013 Klasyka, kt\u00f3ra nigdy nie wychodzi z mody \u201eAmara\u201d to kolekcja dla Panien M\u0142odych, kt\u00f3re ceni\u0105 ponadczasow\u0105 elegancj\u0119. Klasyczny fason sukni \u015blubnych zachwyca prostot\u0105 linii, szlachetnymi materia\u0142ami i perfekcyjnym krojem. To styl, kt\u00f3ry nie potrzebuje ozdobnik\u00f3w \u2013 bo jego si\u0142a tkwi w subtelno\u015bci i wyrafinowaniu. Z \u201eAmara\u201d ka\u017cda kobieta wygl\u0105da jak zjawiskowa ikona [&hellip;]","og_url":"https:\/\/suknie-loretta.pl\/?page_id=952","og_site_name":"Loretta - Salon sukni \u015blubnych Wroc\u0142aw","article_modified_time":"2025-08-11T18:22:14+00:00","og_image":[{"url":"https:\/\/loretta.sq2.pl\/wp-content\/uploads\/2025\/08\/amara301-704x1024.jpg","type":"","width":"","height":""}],"twitter_card":"summary_large_image","schema":{"@context":"https:\/\/schema.org","@graph":[{"@type":"WebPage","@id":"https:\/\/suknie-loretta.pl\/?page_id=952","url":"https:\/\/suknie-loretta.pl\/?page_id=952","name":"Amara - Loretta - Salon sukni \u015blubnych Wroc\u0142aw","isPartOf":{"@id":"https:\/\/suknie-loretta.pl\/#website"},"primaryImageOfPage":{"@id":"https:\/\/suknie-loretta.pl\/?page_id=952#primaryimage"},"image":{"@id":"https:\/\/suknie-loretta.pl\/?page_id=952#primaryimage"},"thumbnailUrl":"https:\/\/loretta.sq2.pl\/wp-content\/uploads\/2025\/08\/amara301-704x1024.jpg","datePublished":"2025-08-10T19:36:16+00:00","dateModified":"2025-08-11T18:22:14+00:00","breadcrumb":{"@id":"https:\/\/suknie-loretta.pl\/?page_id=952#breadcrumb"},"inLanguage":"pl-PL","potentialAction":[{"@type":"ReadAction","target":["https:\/\/suknie-loretta.pl\/?page_id=952"]}]},{"@type":"ImageObject","inLanguage":"pl-PL","@id":"https:\/\/suknie-loretta.pl\/?page_id=952#primaryimage","url":"https:\/\/loretta.sq2.pl\/wp-content\/uploads\/2025\/08\/amara301-704x1024.jpg","contentUrl":"https:\/\/loretta.sq2.pl\/wp-content\/uploads\/2025\/08\/amara301-704x1024.jpg"},{"@type":"BreadcrumbList","@id":"https:\/\/suknie-loretta.pl\/?page_id=952#breadcrumb","itemListElement":[{"@type":"ListItem","position":1,"name":"Home","item":"https:\/\/suknie-loretta.pl\/"},{"@type":"ListItem","position":2,"name":"Amara"}]},{"@type":"WebSite","@id":"https:\/\/suknie-loretta.pl\/#website","url":"https:\/\/suknie-loretta.pl\/","name":"Loretta - Salon sukni \u015blubnych Wroc\u0142aw","description":"Spe\u0142niamy marzenia od 1991 roku!","publisher":{"@id":"https:\/\/suknie-loretta.pl\/#organization"},"potentialAction":[{"@type":"SearchAction","target":{"@type":"EntryPoint","urlTemplate":"https:\/\/suknie-loretta.pl\/?s={search_term_string}"},"query-input":{"@type":"PropertyValueSpecification","valueRequired":true,"valueName":"search_term_string"}}],"inLanguage":"pl-PL"},{"@type":"Organization","@id":"https:\/\/suknie-loretta.pl\/#organization","name":"Loretta - Salon sukni \u015blubnych Wroc\u0142aw","url":"https:\/\/suknie-loretta.pl\/","logo":{"@type":"ImageObject","inLanguage":"pl-PL","@id":"https:\/\/suknie-loretta.pl\/#\/schema\/logo\/image\/","url":"https:\/\/suknie-loretta.pl\/wp-content\/uploads\/2025\/07\/logo-loretta-3.png","contentUrl":"https:\/\/suknie-loretta.pl\/wp-content\/uploads\/2025\/07\/logo-loretta-3.png","width":261,"height":68,"caption":"Loretta - Salon sukni \u015blubnych Wroc\u0142aw"},"image":{"@id":"https:\/\/suknie-loretta.pl\/#\/schema\/logo\/image\/"}}]}},"_links":{"self":[{"href":"https:\/\/suknie-loretta.pl\/index.php?rest_route=\/wp\/v2\/pages\/952","targetHints":{"allow":["GET"]}}],"collection":[{"href":"https:\/\/suknie-loretta.pl\/index.php?rest_route=\/wp\/v2\/pages"}],"about":[{"href":"https:\/\/suknie-loretta.pl\/index.php?rest_route=\/wp\/v2\/types\/page"}],"author":[{"embeddable":true,"href":"https:\/\/suknie-loretta.pl\/index.php?rest_route=\/wp\/v2\/users\/1"}],"replies":[{"embeddable":true,"href":"https:\/\/suknie-loretta.pl\/index.php?rest_route=%2Fwp%2Fv2%2Fcomments&post=952"}],"version-history":[{"count":5,"href":"https:\/\/suknie-loretta.pl\/index.php?rest_route=\/wp\/v2\/pages\/952\/revisions"}],"predecessor-version":[{"id":1098,"href":"https:\/\/suknie-loretta.pl\/index.php?rest_route=\/wp\/v2\/pages\/952\/revisions\/1098"}],"wp:attachment":[{"href":"https:\/\/suknie-loretta.pl\/index.php?rest_route=%2Fwp%2Fv2%2Fmedia&parent=952"}],"curies":[{"name":"wp","href":"https:\/\/api.w.org\/{rel}","templated":true}]}}